{"id":986,"date":"2021-05-03T19:43:29","date_gmt":"2021-05-03T19:43:29","guid":{"rendered":"https:\/\/vitalnext.com\/?page_id=986"},"modified":"2021-05-04T11:28:33","modified_gmt":"2021-05-04T11:28:33","slug":"suess","status":"publish","type":"page","link":"https:\/\/vitalnext.com\/de\/suess\/","title":{"rendered":"S\u00dc\u00df"},"content":{"rendered":"[vc_row type=&#8220;full_width_background&#8220; full_screen_row_position=&#8220;middle&#8220; column_margin=&#8220;default&#8220; column_direction=&#8220;default&#8220; column_direction_tablet=&#8220;default&#8220; column_direction_phone=&#8220;default&#8220; bg_image=&#8220;567&#8243; bg_position=&#8220;center top&#8220; bg_repeat=&#8220;no-repeat&#8220; scene_position=&#8220;center&#8220; text_color=&#8220;dark&#8220; text_align=&#8220;left&#8220; row_border_radius=&#8220;none&#8220; row_border_radius_applies=&#8220;bg&#8220; overlay_strength=&#8220;0.3&#8243; gradient_direction=&#8220;left_to_right&#8220; shape_divider_position=&#8220;bottom&#8220; bg_image_animation=&#8220;none&#8220; shape_type=&#8220;&#8220;][vc_column column_padding=&#8220;no-extra-padding&#8220; column_padding_tablet=&#8220;inherit&#8220; column_padding_phone=&#8220;inherit&#8220; column_padding_position=&#8220;all&#8220; background_color_opacity=&#8220;1&#8243; background_hover_color_opacity=&#8220;1&#8243; column_shadow=&#8220;none&#8220; column_border_radius=&#8220;none&#8220; column_link_target=&#8220;_self&#8220; gradient_direction=&#8220;left_to_right&#8220; overlay_strength=&#8220;0.3&#8243; width=&#8220;1\/1&#8243; tablet_width_inherit=&#8220;default&#8220; tablet_text_alignment=&#8220;default&#8220; phone_text_alignment=&#8220;default&#8220; column_border_width=&#8220;none&#8220; column_border_style=&#8220;solid&#8220; bg_image_animation=&#8220;none&#8220;][vc_row_inner column_margin=&#8220;default&#8220; column_direction=&#8220;default&#8220; column_direction_tablet=&#8220;default&#8220; column_direction_phone=&#8220;default&#8220; text_align=&#8220;left&#8220;][vc_column_inner column_padding=&#8220;no-extra-padding&#8220; column_padding_tablet=&#8220;inherit&#8220; column_padding_phone=&#8220;inherit&#8220; column_padding_position=&#8220;all&#8220; background_color_opacity=&#8220;1&#8243; background_hover_color_opacity=&#8220;1&#8243; column_shadow=&#8220;none&#8220; column_border_radius=&#8220;none&#8220; column_link_target=&#8220;_self&#8220; gradient_direction=&#8220;left_to_right&#8220; overlay_strength=&#8220;0.3&#8243; width=&#8220;1\/3&#8243; tablet_width_inherit=&#8220;default&#8220; column_border_width=&#8220;none&#8220; column_border_style=&#8220;solid&#8220; bg_image_animation=&#8220;none&#8220;][divider line_type=&#8220;No Line&#8220; custom_height=&#8220;120&#8243;][vc_column_text css=&#8220;.vc_custom_1620127710487{margin-right: 40px !important;}&#8220;]\n<h1><span style=\"color: #003773;\">S\u00fc\u00df<\/span><\/h1>\n<h3><\/h3>\n<p>&nbsp;<\/p>\n<h3><span style=\"color: #bed000;\">Sehen Sie sich hier unsere Tipps f\u00fcr S\u00fc\u00dfspeisen an. Tipps f\u00fcr herzhafte Speisen finden Sie\u00a0<a style=\"color: #bed000;\" href=\"https:\/\/vitalnext.nl\/hartig\/\">hier<\/a>.<\/span><\/h3>\n<h3 class=\"p1\"><\/h3>\n[\/vc_column_text][\/vc_column_inner][vc_column_inner column_padding=&#8220;no-extra-padding&#8220; column_padding_tablet=&#8220;inherit&#8220; column_padding_phone=&#8220;inherit&#8220; column_padding_position=&#8220;all&#8220; background_color_opacity=&#8220;1&#8243; background_hover_color_opacity=&#8220;1&#8243; column_shadow=&#8220;none&#8220; column_border_radius=&#8220;none&#8220; column_link_target=&#8220;_self&#8220; gradient_direction=&#8220;left_to_right&#8220; overlay_strength=&#8220;0.3&#8243; width=&#8220;1\/3&#8243; tablet_width_inherit=&#8220;default&#8220; column_border_width=&#8220;none&#8220; column_border_style=&#8220;solid&#8220; bg_image_animation=&#8220;none&#8220;][divider line_type=&#8220;No Line&#8220; custom_height=&#8220;140&#8243; custom_height_phone=&#8220;0&#8243;][image_with_animation image_url=&#8220;153&#8243; animation=&#8220;Fade In&#8220; hover_animation=&#8220;none&#8220; alignment=&#8220;center&#8220; border_radius=&#8220;none&#8220; box_shadow=&#8220;none&#8220; image_loading=&#8220;default&#8220; max_width=&#8220;100%&#8220; max_width_mobile=&#8220;default&#8220;][\/vc_column_inner][vc_column_inner column_padding=&#8220;no-extra-padding&#8220; column_padding_tablet=&#8220;inherit&#8220; column_padding_phone=&#8220;inherit&#8220; column_padding_position=&#8220;all&#8220; background_color_opacity=&#8220;1&#8243; background_hover_color_opacity=&#8220;1&#8243; column_shadow=&#8220;none&#8220; column_border_radius=&#8220;none&#8220; column_link_target=&#8220;_self&#8220; gradient_direction=&#8220;left_to_right&#8220; overlay_strength=&#8220;0.3&#8243; width=&#8220;1\/3&#8243; tablet_width_inherit=&#8220;default&#8220; column_border_width=&#8220;none&#8220; column_border_style=&#8220;solid&#8220; bg_image_animation=&#8220;none&#8220;][\/vc_column_inner][\/vc_row_inner][vc_row_inner column_margin=&#8220;default&#8220; column_direction=&#8220;default&#8220; column_direction_tablet=&#8220;default&#8220; column_direction_phone=&#8220;default&#8220; text_align=&#8220;left&#8220;][vc_column_inner column_padding=&#8220;no-extra-padding&#8220; column_padding_tablet=&#8220;inherit&#8220; column_padding_phone=&#8220;inherit&#8220; column_padding_position=&#8220;right&#8220; background_color_opacity=&#8220;1&#8243; background_hover_color_opacity=&#8220;1&#8243; column_shadow=&#8220;none&#8220; column_border_radius=&#8220;none&#8220; column_link_target=&#8220;_self&#8220; gradient_direction=&#8220;left_to_right&#8220; overlay_strength=&#8220;0.3&#8243; width=&#8220;1\/2&#8243; tablet_width_inherit=&#8220;default&#8220; column_border_width=&#8220;none&#8220; column_border_style=&#8220;solid&#8220; bg_image_animation=&#8220;none&#8220;][divider line_type=&#8220;No Line&#8220; custom_height=&#8220;60&#8243; custom_height_tablet=&#8220;0&#8243; custom_height_phone=&#8220;0&#8243;][image_with_animation image_url=&#8220;296&#8243; animation=&#8220;Fade In&#8220; hover_animation=&#8220;none&#8220; constrain_group_1=&#8220;yes&#8220; alignment=&#8220;&#8220; border_radius=&#8220;none&#8220; box_shadow=&#8220;none&#8220; image_loading=&#8220;default&#8220; max_width=&#8220;75%&#8220; max_width_mobile=&#8220;default&#8220; margin_top=&#8220;0&#8243; margin_bottom=&#8220;0&#8243; margin_left=&#8220;0&#8243; margin_right=&#8220;0&#8243;][vc_column_text css=&#8220;.vc_custom_1599824504437{margin-right: 0px !important;padding-right: 100px !important;}&#8220;]\n<h5 class=\"p1\"><span style=\"color: #bed000;\">Vla<\/span><\/h5>\n[\/vc_column_text][vc_column_text css=&#8220;.vc_custom_1620070839427{margin-right: 0px !important;padding-right: 100px !important;}&#8220;]Mischen Sie 2-3 Essl\u00f6ffel VitalNext in eine Schale Vla (150 g). Sie k\u00f6nnen daf\u00fcr Vla aller Geschmacksrichtungen nehmen oder auch mehrere Geschmacksrichtungen mischen.[\/vc_column_text][\/vc_column_inner][vc_column_inner column_padding=&#8220;no-extra-padding&#8220; column_padding_tablet=&#8220;inherit&#8220; column_padding_phone=&#8220;inherit&#8220; column_padding_position=&#8220;right&#8220; background_color_opacity=&#8220;1&#8243; background_hover_color_opacity=&#8220;1&#8243; column_shadow=&#8220;none&#8220; column_border_radius=&#8220;none&#8220; column_link_target=&#8220;_self&#8220; gradient_direction=&#8220;left_to_right&#8220; overlay_strength=&#8220;0.3&#8243; width=&#8220;1\/2&#8243; tablet_width_inherit=&#8220;default&#8220; column_border_width=&#8220;none&#8220; column_border_style=&#8220;solid&#8220; bg_image_animation=&#8220;none&#8220;][divider line_type=&#8220;No Line&#8220; custom_height=&#8220;60&#8243; custom_height_tablet=&#8220;20&#8243; custom_height_phone=&#8220;0&#8243;][image_with_animation image_url=&#8220;156&#8243; animation=&#8220;Fade In&#8220; hover_animation=&#8220;none&#8220; constrain_group_1=&#8220;yes&#8220; alignment=&#8220;&#8220; border_radius=&#8220;none&#8220; box_shadow=&#8220;none&#8220; image_loading=&#8220;default&#8220; max_width=&#8220;75%&#8220; max_width_mobile=&#8220;default&#8220; margin_top=&#8220;0&#8243; margin_bottom=&#8220;0&#8243; margin_left=&#8220;0&#8243; margin_right=&#8220;0&#8243;][vc_column_text css=&#8220;.vc_custom_1620070870859{margin-right: 0px !important;padding-right: 100px !important;}&#8220;]\n<h5 class=\"p1\"><span style=\"color: #bed000;\">Milchshake<\/span><\/h5>\n[\/vc_column_text][vc_column_text css=&#8220;.vc_custom_1620070856322{padding-right: 100px !important;}&#8220;]Mischen Sie 1-3 Essl\u00f6ffel VitalNext durch einen Milchshake (ca. 250 ml) in einer Geschmacksrichtung Ihrer Wahl.[\/vc_column_text][\/vc_column_inner][\/vc_row_inner][vc_row_inner column_margin=&#8220;default&#8220; column_direction=&#8220;default&#8220; column_direction_tablet=&#8220;default&#8220; column_direction_phone=&#8220;default&#8220; text_align=&#8220;left&#8220;][vc_column_inner column_padding=&#8220;no-extra-padding&#8220; column_padding_tablet=&#8220;inherit&#8220; column_padding_phone=&#8220;inherit&#8220; column_padding_position=&#8220;all&#8220; background_color_opacity=&#8220;1&#8243; background_hover_color_opacity=&#8220;1&#8243; column_shadow=&#8220;none&#8220; column_border_radius=&#8220;none&#8220; column_link_target=&#8220;_self&#8220; gradient_direction=&#8220;left_to_right&#8220; overlay_strength=&#8220;0.3&#8243; width=&#8220;1\/2&#8243; tablet_width_inherit=&#8220;default&#8220; column_border_width=&#8220;none&#8220; column_border_style=&#8220;solid&#8220; bg_image_animation=&#8220;none&#8220;][divider line_type=&#8220;No Line&#8220; custom_height=&#8220;60&#8243; custom_height_tablet=&#8220;20&#8243; custom_height_phone=&#8220;0&#8243;][image_with_animation image_url=&#8220;295&#8243; animation=&#8220;Fade In&#8220; hover_animation=&#8220;none&#8220; constrain_group_1=&#8220;yes&#8220; alignment=&#8220;&#8220; border_radius=&#8220;none&#8220; box_shadow=&#8220;none&#8220; image_loading=&#8220;default&#8220; max_width=&#8220;75%&#8220; max_width_mobile=&#8220;default&#8220; margin_top=&#8220;0&#8243; margin_bottom=&#8220;0&#8243; margin_left=&#8220;0&#8243; margin_right=&#8220;0&#8243;][vc_column_text css=&#8220;.vc_custom_1620070877639{margin-right: px !important;padding-right: 100px !important;}&#8220;]\n<h5 class=\"p1\"><span style=\"color: #bed000;\">Pudding<\/span><\/h5>\n[\/vc_column_text][vc_column_text css=&#8220;.vc_custom_1620070887262{margin-right: px !important;padding-right: 100px !important;}&#8220;]Mischen Sie 1-2 Essl\u00f6ffel VitalNext durch eine Portion Pudding (150 ml). Nehmen Sie daf\u00fcr einen Pudding und eine Geschmacksrichtung Ihrer Wahl.[\/vc_column_text][\/vc_column_inner][vc_column_inner column_padding=&#8220;no-extra-padding&#8220; column_padding_tablet=&#8220;inherit&#8220; column_padding_phone=&#8220;inherit&#8220; column_padding_position=&#8220;all&#8220; background_color_opacity=&#8220;1&#8243; background_hover_color_opacity=&#8220;1&#8243; column_shadow=&#8220;none&#8220; column_border_radius=&#8220;none&#8220; column_link_target=&#8220;_self&#8220; gradient_direction=&#8220;left_to_right&#8220; overlay_strength=&#8220;0.3&#8243; width=&#8220;1\/2&#8243; tablet_width_inherit=&#8220;default&#8220; column_border_width=&#8220;none&#8220; column_border_style=&#8220;solid&#8220; bg_image_animation=&#8220;none&#8220;][divider line_type=&#8220;No Line&#8220; custom_height=&#8220;60&#8243; custom_height_tablet=&#8220;20&#8243; custom_height_phone=&#8220;0&#8243;][image_with_animation image_url=&#8220;294&#8243; animation=&#8220;Fade In&#8220; hover_animation=&#8220;none&#8220; constrain_group_1=&#8220;yes&#8220; alignment=&#8220;&#8220; border_radius=&#8220;none&#8220; box_shadow=&#8220;none&#8220; image_loading=&#8220;default&#8220; max_width=&#8220;75%&#8220; max_width_mobile=&#8220;default&#8220; margin_top=&#8220;0&#8243; margin_bottom=&#8220;0&#8243; margin_left=&#8220;0&#8243; margin_right=&#8220;0&#8243;][vc_column_text css=&#8220;.vc_custom_1620070901594{margin-right: 0px !important;}&#8220;]\n<h5 class=\"p1\"><span style=\"color: #bed000;\">Fruchtsaft<\/span><\/h5>\n[\/vc_column_text][vc_column_text css=&#8220;.vc_custom_1620070910489{margin-right: 0px !important;padding-right: 100px !important;}&#8220;]Mischen Sie 1-2 Essl\u00f6ffel VitalNext durch ein gro\u00dfes Glas Fruchtsaft (200 ml).[\/vc_column_text][\/vc_column_inner][\/vc_row_inner][vc_row_inner column_margin=&#8220;default&#8220; column_direction=&#8220;default&#8220; column_direction_tablet=&#8220;default&#8220; column_direction_phone=&#8220;default&#8220; text_align=&#8220;left&#8220;][vc_column_inner column_padding=&#8220;no-extra-padding&#8220; column_padding_tablet=&#8220;inherit&#8220; column_padding_phone=&#8220;inherit&#8220; column_padding_position=&#8220;all&#8220; background_color_opacity=&#8220;1&#8243; background_hover_color_opacity=&#8220;1&#8243; column_shadow=&#8220;none&#8220; column_border_radius=&#8220;none&#8220; column_link_target=&#8220;_self&#8220; gradient_direction=&#8220;left_to_right&#8220; overlay_strength=&#8220;0.3&#8243; width=&#8220;1\/2&#8243; tablet_width_inherit=&#8220;default&#8220; column_border_width=&#8220;none&#8220; column_border_style=&#8220;solid&#8220; bg_image_animation=&#8220;none&#8220;][divider line_type=&#8220;No Line&#8220; custom_height=&#8220;60&#8243; custom_height_tablet=&#8220;20&#8243; custom_height_phone=&#8220;0&#8243;][image_with_animation image_url=&#8220;293&#8243; animation=&#8220;Fade In&#8220; hover_animation=&#8220;none&#8220; constrain_group_1=&#8220;yes&#8220; alignment=&#8220;&#8220; border_radius=&#8220;none&#8220; box_shadow=&#8220;none&#8220; image_loading=&#8220;default&#8220; max_width=&#8220;75%&#8220; max_width_mobile=&#8220;default&#8220; margin_top=&#8220;0&#8243; margin_bottom=&#8220;0&#8243; margin_left=&#8220;0&#8243; margin_right=&#8220;0&#8243;][vc_column_text css=&#8220;.vc_custom_1620070931181{margin-right: px !important;padding-right: 100px !important;}&#8220;]\n<h5 class=\"p1\"><span style=\"color: #bed000;\">Eis<\/span><\/h5>\n[\/vc_column_text][vc_column_text css=&#8220;.vc_custom_1620070943659{margin-right: px !important;padding-right: 100px !important;}&#8220;]Mischen Sie 1-2 Essl\u00f6ffel VitalNext durch eine Portion Eis (100 g). W\u00e4hlen Sie dazu Ihre Lieblings-Geschmacksrichtung.[\/vc_column_text][\/vc_column_inner][vc_column_inner column_padding=&#8220;no-extra-padding&#8220; column_padding_tablet=&#8220;inherit&#8220; column_padding_phone=&#8220;inherit&#8220; column_padding_position=&#8220;all&#8220; background_color_opacity=&#8220;1&#8243; background_hover_color_opacity=&#8220;1&#8243; column_shadow=&#8220;none&#8220; column_border_radius=&#8220;none&#8220; column_link_target=&#8220;_self&#8220; gradient_direction=&#8220;left_to_right&#8220; overlay_strength=&#8220;0.3&#8243; width=&#8220;1\/2&#8243; tablet_width_inherit=&#8220;default&#8220; column_border_width=&#8220;none&#8220; column_border_style=&#8220;solid&#8220; bg_image_animation=&#8220;none&#8220;][divider line_type=&#8220;No Line&#8220; custom_height=&#8220;60&#8243; custom_height_tablet=&#8220;20&#8243; custom_height_phone=&#8220;0&#8243;][image_with_animation image_url=&#8220;292&#8243; animation=&#8220;Fade In&#8220; hover_animation=&#8220;none&#8220; constrain_group_1=&#8220;yes&#8220; alignment=&#8220;&#8220; border_radius=&#8220;none&#8220; box_shadow=&#8220;none&#8220; image_loading=&#8220;default&#8220; max_width=&#8220;75%&#8220; max_width_mobile=&#8220;default&#8220; margin_top=&#8220;0&#8243; margin_bottom=&#8220;0&#8243; margin_left=&#8220;0&#8243; margin_right=&#8220;0&#8243;][vc_column_text css=&#8220;.vc_custom_1620070975420{margin-right: 0px !important;padding-right: 110px !important;}&#8220;]\n<h5 class=\"p1\"><span style=\"color: #bed000;\">Smoothie mit Obst und Joghurt<\/span><\/h5>\n[\/vc_column_text][vc_column_text css=&#8220;.vc_custom_1620070984982{margin-right: 0px !important;padding-right: 110px !important;}&#8220;]Mischen Sie 1-3 Essl\u00f6ffel VitalNext durch Ihren Smoothie (250 ml). Schneiden Sie Obst Ihrer Wahl in kleine St\u00fcckchen und mischen Sie es zusammen mit Joghurt und VitalNext im Mixer.[\/vc_column_text][\/vc_column_inner][\/vc_row_inner][vc_row_inner column_margin=&#8220;default&#8220; column_direction=&#8220;default&#8220; column_direction_tablet=&#8220;default&#8220; column_direction_phone=&#8220;default&#8220; text_align=&#8220;left&#8220;][vc_column_inner column_padding=&#8220;no-extra-padding&#8220; column_padding_tablet=&#8220;inherit&#8220; column_padding_phone=&#8220;inherit&#8220; column_padding_position=&#8220;all&#8220; background_color_opacity=&#8220;1&#8243; background_hover_color_opacity=&#8220;1&#8243; column_shadow=&#8220;none&#8220; column_border_radius=&#8220;none&#8220; column_link_target=&#8220;_self&#8220; gradient_direction=&#8220;left_to_right&#8220; overlay_strength=&#8220;0.3&#8243; width=&#8220;1\/2&#8243; tablet_width_inherit=&#8220;default&#8220; column_border_width=&#8220;none&#8220; column_border_style=&#8220;solid&#8220; bg_image_animation=&#8220;none&#8220;][divider line_type=&#8220;No Line&#8220; custom_height=&#8220;60&#8243; custom_height_tablet=&#8220;20&#8243; custom_height_phone=&#8220;0&#8243;][image_with_animation image_url=&#8220;285&#8243; animation=&#8220;Fade In&#8220; hover_animation=&#8220;none&#8220; constrain_group_1=&#8220;yes&#8220; alignment=&#8220;&#8220; border_radius=&#8220;none&#8220; box_shadow=&#8220;none&#8220; image_loading=&#8220;default&#8220; max_width=&#8220;75%&#8220; max_width_mobile=&#8220;default&#8220; margin_top=&#8220;0&#8243; margin_bottom=&#8220;0&#8243; margin_left=&#8220;0&#8243; margin_right=&#8220;0&#8243;][vc_column_text css=&#8220;.vc_custom_1620071005413{margin-right: px !important;padding-right: 100px !important;}&#8220;]\n<h5 class=\"p1\"><span style=\"color: #bed000;\">Apfelmus<\/span><\/h5>\n[\/vc_column_text][vc_column_text css=&#8220;.vc_custom_1620070995388{margin-right: px !important;padding-right: 100px !important;}&#8220;]Mischen Sie 1 Essl\u00f6ffel VitalNext durch eine Portion Apfelmus (100 g).[\/vc_column_text][\/vc_column_inner][vc_column_inner column_padding=&#8220;no-extra-padding&#8220; column_padding_tablet=&#8220;inherit&#8220; column_padding_phone=&#8220;inherit&#8220; column_padding_position=&#8220;all&#8220; background_color_opacity=&#8220;1&#8243; background_hover_color_opacity=&#8220;1&#8243; column_shadow=&#8220;none&#8220; column_border_radius=&#8220;none&#8220; column_link_target=&#8220;_self&#8220; gradient_direction=&#8220;left_to_right&#8220; overlay_strength=&#8220;0.3&#8243; width=&#8220;1\/2&#8243; tablet_width_inherit=&#8220;default&#8220; column_border_width=&#8220;none&#8220; column_border_style=&#8220;solid&#8220; bg_image_animation=&#8220;none&#8220;][\/vc_column_inner][\/vc_row_inner][divider line_type=&#8220;No Line&#8220; custom_height=&#8220;100&#8243;][\/vc_column][\/vc_row]\n","protected":false},"excerpt":{"rendered":"<p>[vc_row type=&#8220;full_width_background&#8220; full_screen_row_position=&#8220;middle&#8220; column_margin=&#8220;default&#8220; column_direction=&#8220;default&#8220; column_direction_tablet=&#8220;default&#8220; column_direction_phone=&#8220;default&#8220; bg_image=&#8220;567&#8243; bg_position=&#8220;center top&#8220; bg_repeat=&#8220;no-repeat&#8220; scene_position=&#8220;center&#8220; text_color=&#8220;dark&#8220; text_align=&#8220;left&#8220; row_border_radius=&#8220;none&#8220; row_border_radius_applies=&#8220;bg&#8220; overlay_strength=&#8220;0.3&#8243; gradient_direction=&#8220;left_to_right&#8220; shape_divider_position=&#8220;bottom&#8220; bg_image_animation=&#8220;none&#8220; shape_type=&#8220;&#8220;][vc_column column_padding=&#8220;no-extra-padding&#8220; column_padding_tablet=&#8220;inherit&#8220; column_padding_phone=&#8220;inherit&#8220; column_padding_position=&#8220;all&#8220; background_color_opacity=&#8220;1&#8243; background_hover_color_opacity=&#8220;1&#8243; column_shadow=&#8220;none&#8220; column_border_radius=&#8220;none&#8220; column_link_target=&#8220;_self&#8220;&#8230;<\/p>\n","protected":false},"author":1,"featured_media":0,"parent":0,"menu_order":0,"comment_status":"closed","ping_status":"closed","template":"","meta":{"footnotes":""},"class_list":["post-986","page","type-page","status-publish"],"yoast_head":"<!-- This site is optimized with the Yoast SEO plugin v26.9 - https:\/\/yoast.com\/product\/yoast-seo-wordpress\/ -->\n<title>S\u00dc\u00df - VitalNext<\/title>\n<meta name=\"robots\" content=\"index, follow, max-snippet:-1, max-image-preview:large, max-video-preview:-1\" \/>\n<link rel=\"canonical\" href=\"https:\/\/vitalnext.com\/de\/suess\/\" \/>\n<meta property=\"og:locale\" content=\"de_DE\" \/>\n<meta property=\"og:type\" content=\"article\" \/>\n<meta property=\"og:title\" content=\"S\u00dc\u00df - VitalNext\" \/>\n<meta property=\"og:description\" content=\"[vc_row type=&#8220;full_width_background&#8220; full_screen_row_position=&#8220;middle&#8220; column_margin=&#8220;default&#8220; column_direction=&#8220;default&#8220; column_direction_tablet=&#8220;default&#8220; column_direction_phone=&#8220;default&#8220; bg_image=&#8220;567&#8243; bg_position=&#8220;center top&#8220; bg_repeat=&#8220;no-repeat&#8220; scene_position=&#8220;center&#8220; text_color=&#8220;dark&#8220; text_align=&#8220;left&#8220; row_border_radius=&#8220;none&#8220; row_border_radius_applies=&#8220;bg&#8220; overlay_strength=&#8220;0.3&#8243; gradient_direction=&#8220;left_to_right&#8220; shape_divider_position=&#8220;bottom&#8220; bg_image_animation=&#8220;none&#8220; shape_type=&#8220;&#8220;][vc_column column_padding=&#8220;no-extra-padding&#8220; column_padding_tablet=&#8220;inherit&#8220; column_padding_phone=&#8220;inherit&#8220; column_padding_position=&#8220;all&#8220; background_color_opacity=&#8220;1&#8243; background_hover_color_opacity=&#8220;1&#8243; column_shadow=&#8220;none&#8220; column_border_radius=&#8220;none&#8220; column_link_target=&#8220;_self&#8220;...\" \/>\n<meta property=\"og:url\" content=\"https:\/\/vitalnext.com\/de\/suess\/\" \/>\n<meta property=\"og:site_name\" content=\"VitalNext\" \/>\n<meta property=\"article:modified_time\" content=\"2021-05-04T11:28:33+00:00\" \/>\n<meta name=\"twitter:card\" content=\"summary_large_image\" \/>\n<meta name=\"twitter:label1\" content=\"Gesch\u00e4tzte Lesezeit\" \/>\n\t<meta name=\"twitter:data1\" content=\"3\u00a0Minuten\" \/>\n<script type=\"application\/ld+json\" class=\"yoast-schema-graph\">{\"@context\":\"https:\/\/schema.org\",\"@graph\":[{\"@type\":\"WebPage\",\"@id\":\"https:\/\/vitalnext.com\/de\/suess\/\",\"url\":\"https:\/\/vitalnext.com\/de\/suess\/\",\"name\":\"S\u00dc\u00df - VitalNext\",\"isPartOf\":{\"@id\":\"https:\/\/vitalnext.com\/de\/#website\"},\"datePublished\":\"2021-05-03T19:43:29+00:00\",\"dateModified\":\"2021-05-04T11:28:33+00:00\",\"breadcrumb\":{\"@id\":\"https:\/\/vitalnext.com\/de\/suess\/#breadcrumb\"},\"inLanguage\":\"de\",\"potentialAction\":[{\"@type\":\"ReadAction\",\"target\":[\"https:\/\/vitalnext.com\/de\/suess\/\"]}]},{\"@type\":\"BreadcrumbList\",\"@id\":\"https:\/\/vitalnext.com\/de\/suess\/#breadcrumb\",\"itemListElement\":[{\"@type\":\"ListItem\",\"position\":1,\"name\":\"Home\",\"item\":\"https:\/\/vitalnext.com\/de\/\"},{\"@type\":\"ListItem\",\"position\":2,\"name\":\"S\u00dc\u00df\"}]},{\"@type\":\"WebSite\",\"@id\":\"https:\/\/vitalnext.com\/de\/#website\",\"url\":\"https:\/\/vitalnext.com\/de\/\",\"name\":\"Vitalnext\",\"description\":\"Life science products\",\"potentialAction\":[{\"@type\":\"SearchAction\",\"target\":{\"@type\":\"EntryPoint\",\"urlTemplate\":\"https:\/\/vitalnext.com\/de\/?s={search_term_string}\"},\"query-input\":{\"@type\":\"PropertyValueSpecification\",\"valueRequired\":true,\"valueName\":\"search_term_string\"}}],\"inLanguage\":\"de\"}]}<\/script>\n<!-- \/ Yoast SEO plugin. -->","yoast_head_json":{"title":"S\u00dc\u00df - VitalNext","robots":{"index":"index","follow":"follow","max-snippet":"max-snippet:-1","max-image-preview":"max-image-preview:large","max-video-preview":"max-video-preview:-1"},"canonical":"https:\/\/vitalnext.com\/de\/suess\/","og_locale":"de_DE","og_type":"article","og_title":"S\u00dc\u00df - VitalNext","og_description":"[vc_row type=&#8220;full_width_background&#8220; full_screen_row_position=&#8220;middle&#8220; column_margin=&#8220;default&#8220; column_direction=&#8220;default&#8220; column_direction_tablet=&#8220;default&#8220; column_direction_phone=&#8220;default&#8220; bg_image=&#8220;567&#8243; bg_position=&#8220;center top&#8220; bg_repeat=&#8220;no-repeat&#8220; scene_position=&#8220;center&#8220; text_color=&#8220;dark&#8220; text_align=&#8220;left&#8220; row_border_radius=&#8220;none&#8220; row_border_radius_applies=&#8220;bg&#8220; overlay_strength=&#8220;0.3&#8243; gradient_direction=&#8220;left_to_right&#8220; shape_divider_position=&#8220;bottom&#8220; bg_image_animation=&#8220;none&#8220; shape_type=&#8220;&#8220;][vc_column column_padding=&#8220;no-extra-padding&#8220; column_padding_tablet=&#8220;inherit&#8220; column_padding_phone=&#8220;inherit&#8220; column_padding_position=&#8220;all&#8220; background_color_opacity=&#8220;1&#8243; background_hover_color_opacity=&#8220;1&#8243; column_shadow=&#8220;none&#8220; column_border_radius=&#8220;none&#8220; column_link_target=&#8220;_self&#8220;...","og_url":"https:\/\/vitalnext.com\/de\/suess\/","og_site_name":"VitalNext","article_modified_time":"2021-05-04T11:28:33+00:00","twitter_card":"summary_large_image","twitter_misc":{"Gesch\u00e4tzte Lesezeit":"3\u00a0Minuten"},"schema":{"@context":"https:\/\/schema.org","@graph":[{"@type":"WebPage","@id":"https:\/\/vitalnext.com\/de\/suess\/","url":"https:\/\/vitalnext.com\/de\/suess\/","name":"S\u00dc\u00df - VitalNext","isPartOf":{"@id":"https:\/\/vitalnext.com\/de\/#website"},"datePublished":"2021-05-03T19:43:29+00:00","dateModified":"2021-05-04T11:28:33+00:00","breadcrumb":{"@id":"https:\/\/vitalnext.com\/de\/suess\/#breadcrumb"},"inLanguage":"de","potentialAction":[{"@type":"ReadAction","target":["https:\/\/vitalnext.com\/de\/suess\/"]}]},{"@type":"BreadcrumbList","@id":"https:\/\/vitalnext.com\/de\/suess\/#breadcrumb","itemListElement":[{"@type":"ListItem","position":1,"name":"Home","item":"https:\/\/vitalnext.com\/de\/"},{"@type":"ListItem","position":2,"name":"S\u00dc\u00df"}]},{"@type":"WebSite","@id":"https:\/\/vitalnext.com\/de\/#website","url":"https:\/\/vitalnext.com\/de\/","name":"Vitalnext","description":"Life science products","potentialAction":[{"@type":"SearchAction","target":{"@type":"EntryPoint","urlTemplate":"https:\/\/vitalnext.com\/de\/?s={search_term_string}"},"query-input":{"@type":"PropertyValueSpecification","valueRequired":true,"valueName":"search_term_string"}}],"inLanguage":"de"}]}},"_links":{"self":[{"href":"https:\/\/vitalnext.com\/de\/wp-json\/wp\/v2\/pages\/986","targetHints":{"allow":["GET"]}}],"collection":[{"href":"https:\/\/vitalnext.com\/de\/wp-json\/wp\/v2\/pages"}],"about":[{"href":"https:\/\/vitalnext.com\/de\/wp-json\/wp\/v2\/types\/page"}],"author":[{"embeddable":true,"href":"https:\/\/vitalnext.com\/de\/wp-json\/wp\/v2\/users\/1"}],"replies":[{"embeddable":true,"href":"https:\/\/vitalnext.com\/de\/wp-json\/wp\/v2\/comments?post=986"}],"version-history":[{"count":4,"href":"https:\/\/vitalnext.com\/de\/wp-json\/wp\/v2\/pages\/986\/revisions"}],"predecessor-version":[{"id":1056,"href":"https:\/\/vitalnext.com\/de\/wp-json\/wp\/v2\/pages\/986\/revisions\/1056"}],"wp:attachment":[{"href":"https:\/\/vitalnext.com\/de\/wp-json\/wp\/v2\/media?parent=986"}],"curies":[{"name":"wp","href":"https:\/\/api.w.org\/{rel}","templated":true}]}}