{"id":981,"date":"2021-05-03T19:33:11","date_gmt":"2021-05-03T19:33:11","guid":{"rendered":"https:\/\/vitalnext.com\/?page_id=981"},"modified":"2023-09-09T10:03:12","modified_gmt":"2023-09-09T10:03:12","slug":"ueber-uns","status":"publish","type":"page","link":"https:\/\/vitalnext.com\/de\/ueber-uns\/","title":{"rendered":"\u00dcBER UNS"},"content":{"rendered":"[vc_row type=&#8220;full_width_background&#8220; full_screen_row_position=&#8220;middle&#8220; column_margin=&#8220;default&#8220; column_direction=&#8220;default&#8220; column_direction_tablet=&#8220;default&#8220; column_direction_phone=&#8220;default&#8220; bg_image=&#8220;567&#8243; bg_position=&#8220;center top&#8220; bg_repeat=&#8220;no-repeat&#8220; scene_position=&#8220;center&#8220; text_color=&#8220;dark&#8220; text_align=&#8220;left&#8220; row_border_radius=&#8220;none&#8220; row_border_radius_applies=&#8220;bg&#8220; overlay_strength=&#8220;0.3&#8243; gradient_direction=&#8220;left_to_right&#8220; shape_divider_position=&#8220;bottom&#8220; bg_image_animation=&#8220;none&#8220; shape_type=&#8220;&#8220;][vc_column column_padding=&#8220;no-extra-padding&#8220; column_padding_tablet=&#8220;inherit&#8220; column_padding_phone=&#8220;inherit&#8220; column_padding_position=&#8220;all&#8220; background_color_opacity=&#8220;1&#8243; background_hover_color_opacity=&#8220;1&#8243; column_shadow=&#8220;none&#8220; column_border_radius=&#8220;none&#8220; column_link_target=&#8220;_self&#8220; gradient_direction=&#8220;left_to_right&#8220; overlay_strength=&#8220;0.3&#8243; width=&#8220;1\/1&#8243; tablet_width_inherit=&#8220;default&#8220; tablet_text_alignment=&#8220;default&#8220; phone_text_alignment=&#8220;default&#8220; column_border_width=&#8220;none&#8220; column_border_style=&#8220;solid&#8220; bg_image_animation=&#8220;none&#8220;][divider line_type=&#8220;No Line&#8220; custom_height=&#8220;120&#8243;][vc_column_text]\n<h2><span style=\"color: #003773;\">\u00dcber uns<\/span><\/h2>\n<p>&nbsp;<\/p>\n<h3><span style=\"color: #bed000;\">Der Gr\u00fcnder von VitalNext, Rein Strijker, war schon immer von dem Zusammenspiel von Ern\u00e4hrung und dem Verlust von Muskelfunktionen bei \u00e4lteren Menschen fasziniert. 2013 hob er VitalNext in dem Bestreben aus der Taufe, L\u00f6sungen f\u00fcr dieses Problem zu finden.<\/span><\/h3>\n<p>&nbsp;<\/p>\n<p><span style=\"color: #003773;\">Die meisten Menschen in dieser Zielgruppe sind mangelern\u00e4hrt. Die herk\u00f6mmlichen Lebensmittel f\u00fcr besondere medizinische Zwecke zielen jedoch ausschlie\u00dflich auf eine Gewichtszunahme ab. Strijker beschloss daher, ein innovatives \u201eLebensmittel f\u00fcr besondere medizinische Zwecke\u201c zu entwickeln, das sich an den aktuellen medizinischen und wissenschaftlichen Erkenntnissen orientiert. Auf der Grundlage der Kenntnisse und Methoden aus dem Bereich \u201eLife Sciences\u201c wurde daraufhin ein di\u00e4tetisches Nahrungsmittel entwickelt und umfassend unter Patienten getestet, das nicht nur die gesetzlichen Vorgaben f\u00fcr Lebensmittel f\u00fcr besondere medizinische Zwecke erf\u00fcllt, sondern das &#8211; in einer umfassenden klinischen Studie &#8211; auch tats\u00e4chlich relevante Verbesserungen bei der Zielgruppe der mangelern\u00e4hrten Personen aufwies.<\/span>[\/vc_column_text][vc_row_inner column_margin=&#8220;default&#8220; column_direction=&#8220;default&#8220; column_direction_tablet=&#8220;default&#8220; column_direction_phone=&#8220;default&#8220; text_align=&#8220;left&#8220; el_id=&#8220;management&#8220;][vc_column_inner column_padding=&#8220;no-extra-padding&#8220; column_padding_tablet=&#8220;inherit&#8220; column_padding_phone=&#8220;inherit&#8220; column_padding_position=&#8220;all&#8220; background_color_opacity=&#8220;1&#8243; background_hover_color_opacity=&#8220;1&#8243; column_shadow=&#8220;none&#8220; column_border_radius=&#8220;none&#8220; column_link_target=&#8220;_self&#8220; gradient_direction=&#8220;left_to_right&#8220; overlay_strength=&#8220;0.3&#8243; width=&#8220;1\/2&#8243; tablet_width_inherit=&#8220;default&#8220; column_border_width=&#8220;none&#8220; column_border_style=&#8220;solid&#8220; bg_image_animation=&#8220;none&#8220;][divider line_type=&#8220;No Line&#8220; custom_height=&#8220;120&#8243;][\/vc_column_inner][vc_column_inner column_padding=&#8220;no-extra-padding&#8220; column_padding_tablet=&#8220;inherit&#8220; column_padding_phone=&#8220;inherit&#8220; column_padding_position=&#8220;all&#8220; background_color_opacity=&#8220;1&#8243; background_hover_color_opacity=&#8220;1&#8243; column_shadow=&#8220;none&#8220; column_border_radius=&#8220;none&#8220; column_link_target=&#8220;_self&#8220; gradient_direction=&#8220;left_to_right&#8220; overlay_strength=&#8220;0.3&#8243; width=&#8220;1\/2&#8243; tablet_width_inherit=&#8220;default&#8220; column_border_width=&#8220;none&#8220; column_border_style=&#8220;solid&#8220; bg_image_animation=&#8220;none&#8220;][\/vc_column_inner][\/vc_row_inner][vc_column_text]\n<h2><span style=\"color: #003773;\">Management<\/span><\/h2>\n<p>&nbsp;<\/p>\n<h3><span style=\"color: #003773;\">Rudy Mareel\u00a0 <\/span><span style=\"color: #003773;\"><a href=\"https:\/\/www.linkedin.com\/in\/rudy-mareel-a7571510\/?originalSubdomain=be\" target=\"_blank\" rel=\"noopener noreferrer\"><em><i class=\"icon-normal fa fa-linkedin accent-color\"><\/i><\/em><\/a><br \/>\n<\/span><span style=\"color: #003773;\"><em>Executive Chairman<\/em><\/span><\/h3>\n<p>&nbsp;<\/p>\n<h3><span style=\"color: #003773;\">Rein Strijker\u00a0 <\/span><span style=\"color: #003773;\"><a href=\"https:\/\/www.linkedin.com\/in\/rein-strijker-1b54903\/?originalSubdomain=nl\" target=\"_blank\" rel=\"noopener noreferrer\"><em><i class=\"icon-normal fa fa-linkedin accent-color\"><\/i><\/em><\/a><br \/>\n<\/span><span style=\"color: #003773;\"><em>CEO<\/em><\/span><\/h3>\n<p>&nbsp;<\/p>\n<h3><\/h3>\n[\/vc_column_text][divider line_type=&#8220;No Line&#8220; custom_height=&#8220;120&#8243;][vc_column_text]\n<h2><span style=\"color: #003773;\">Aufsichtsrat<\/span><\/h2>\n<p>&nbsp;<\/p>\n<h3><span style=\"color: #003773;\">Rudy Mareel \u00a0<a href=\"https:\/\/www.linkedin.com\/in\/rudy-mareel-a7571510\/?originalSubdomain=be\" target=\"_blank\" rel=\"noopener noreferrer\"><em><i class=\"icon-normal fa fa-linkedin accent-color\"><\/i><\/em><\/a><br \/>\n<\/span><span style=\"color: #003773;\"><em>Vorsitzender<\/em><\/span><\/h3>\n<p><span style=\"color: #003773;\">CEO Polyganics <\/span><\/p>\n<h2 class=\"p1\"><\/h2>\n<h3><span style=\"color: #003773;\">Dharminder Chahal\u00a0 <\/span><span style=\"color: #003773;\"><a href=\"https:\/\/www.linkedin.com\/in\/dharminder-singh-chahal-078684\/\" target=\"_blank\" rel=\"noopener noreferrer\"><em><i class=\"icon-normal fa fa-linkedin accent-color\"><\/i><\/em><\/a><br \/>\n<\/span><em><span style=\"color: #003773;\">Mitglied<\/span><\/em><\/h3>\n<p><span style=\"color: #003773;\">CEO und Mitbegr\u00fcnder von Cardiogenx<\/span><\/p>\n<h3><span style=\"color: #003773;\">Willem M. de Vos \u00a0<\/span><span style=\"color: #003773;\"><a href=\"https:\/\/www.linkedin.com\/in\/willem-m-de-vos-a3bb34\/\" target=\"_blank\" rel=\"noopener noreferrer\"><em><i class=\"icon-normal fa fa-linkedin accent-color\"><\/i><\/em><\/a><br \/>\n<\/span><em><span style=\"color: #003773;\">Mitglied<\/span><\/em><\/h3>\n<p><span style=\"color: #003773;\">Professor f\u00fcr Mikrobiologie an der Universit\u00e4t Wageningen (NL),<\/span><br \/>\n<span style=\"color: #003773;\">Professor f\u00fcr Humane Mikrobiomik an der Universit\u00e4t Helsinki (FIN).<\/span>[\/vc_column_text][vc_row_inner column_margin=&#8220;default&#8220; column_direction=&#8220;default&#8220; column_direction_tablet=&#8220;default&#8220; column_direction_phone=&#8220;default&#8220; text_align=&#8220;left&#8220; el_id=&#8220;investoren&#8220;][vc_column_inner column_padding=&#8220;no-extra-padding&#8220; column_padding_tablet=&#8220;inherit&#8220; column_padding_phone=&#8220;inherit&#8220; column_padding_position=&#8220;all&#8220; background_color_opacity=&#8220;1&#8243; background_hover_color_opacity=&#8220;1&#8243; column_shadow=&#8220;none&#8220; column_border_radius=&#8220;none&#8220; column_link_target=&#8220;_self&#8220; gradient_direction=&#8220;left_to_right&#8220; overlay_strength=&#8220;0.3&#8243; width=&#8220;1\/1&#8243; tablet_width_inherit=&#8220;default&#8220; column_border_width=&#8220;none&#8220; column_border_style=&#8220;solid&#8220; bg_image_animation=&#8220;none&#8220;][divider line_type=&#8220;No Line&#8220; custom_height=&#8220;120&#8243;][\/vc_column_inner][\/vc_row_inner][vc_column_text]\n<h2><span style=\"color: #003773;\">Investoren<\/span><\/h2>\n<p>&nbsp;<\/p>\n<h3><span style=\"color: #bed000;\">Au\u00dfer Investitionen durch das Management haben die folgenden Parteien in das Unternehmen investiert:<\/span><\/h3>\n<p>&nbsp;<\/p>\n<h3 class=\"p1\"><span style=\"color: #003773;\">Galapagos NV<\/span><\/h3>\n<p><span style=\"color: #003773;\">Galapagos (www.glpg.com) ist ein b\u00f6rsennotiertes Unternehmen mit Hauptsitz in Mechelen (Belgien), das im Bereich der Entwicklung und Vermarktung innovativer Arzneimittel t\u00e4tig ist. Das Unternehmen unterh\u00e4lt Partnerschaften mit gro\u00dfen Pharmakonzernen, und die Galapagos-Technologie gilt weltweit als f\u00fchrend im Bereich des Findens neuer Arzneimittel.<\/span><\/p>\n<h3><span style=\"color: #003773;\">Hanzepoort BV<\/span><\/h3>\n<p><span style=\"color: #003773;\">Hanzepoort ist Teil der Triade Groep\u00a0(www.triadegroep.nl),\u00a0die eng mit der Uniklinik Groningen (Universitair Medisch Centrum Groningen) zusammenarbeitet. Hanzepoort konzentriert sich vorwiegend auf Investitionen in kleine innovative Unternehmen im Bereich \u201egesund \u00e4lter werden\u201c.<\/span><\/p>\n<h3><span style=\"color: #003773;\">Van Herk Ventures<\/span><\/h3>\n<p><span style=\"color: #003773;\">Van Herk Ventures ist Teil der familiengef\u00fchrten Van Herk Groep (www.vanherkgroep.nl). Au\u00dfer in Immobilien und Energie investiert der Konzern regelm\u00e4\u00dfig in Unternehmen im Bereich Life Sciences, und zwar sowohl durch direkte Investitionen in b\u00f6rsennotierte und private Unternehmen als auch mittels Investitionen in Venture-Capital-Fonds.<\/span><\/p>\n<h3><span style=\"color: #003773;\">LRM<\/span><\/h3>\n<p><span style=\"color: #003773;\">LRM (www.lrm.be) ist eine Investitionsgesellschaft zur Erschlie\u00dfung und F\u00f6rderung von Wirtschaftswachstum im belgischen Teil Limburgs. Der Investitionsfokus ist breit gestreut und kann sich sowohl auf Startups als auch auf Gro\u00dfkonzerne richten.<\/span><\/p>\n<h3><span style=\"color: #003773;\">OostNL<\/span><\/h3>\n<p><span style=\"color: #003773;\">Oost NL (www.oostnl.nl) ist die Entwicklungsgesellschaft der \u00f6stlichen Niederlande. Ziel ist die St\u00e4rkung der regionalen Wirtschaft, unter anderem durch Investitionen in Unternehmen mit nachhaltigen und innovativen Produkten und Technologien.<\/span>[\/vc_column_text][vc_row_inner column_margin=&#8220;default&#8220; column_direction=&#8220;default&#8220; column_direction_tablet=&#8220;default&#8220; column_direction_phone=&#8220;default&#8220; text_align=&#8220;left&#8220; el_id=&#8220;kontakt&#8220;][vc_column_inner column_padding=&#8220;no-extra-padding&#8220; column_padding_tablet=&#8220;inherit&#8220; column_padding_phone=&#8220;inherit&#8220; column_padding_position=&#8220;all&#8220; background_color_opacity=&#8220;1&#8243; background_hover_color_opacity=&#8220;1&#8243; column_shadow=&#8220;none&#8220; column_border_radius=&#8220;none&#8220; column_link_target=&#8220;_self&#8220; gradient_direction=&#8220;left_to_right&#8220; overlay_strength=&#8220;0.3&#8243; width=&#8220;1\/2&#8243; tablet_width_inherit=&#8220;default&#8220; column_border_width=&#8220;none&#8220; column_border_style=&#8220;solid&#8220; bg_image_animation=&#8220;none&#8220;][divider line_type=&#8220;No Line&#8220; custom_height=&#8220;120&#8243;][vc_column_text]\n<h2><span style=\"color: #003773;\">Kontakt<\/span><\/h2>\n<p>&nbsp;<\/p>\n<p><span style=\"color: #003773;\"><strong>VitalNext b.v.<\/strong><\/span><br \/>\n<span style=\"color: #003773;\">J.H. Oortweg 19<\/span><br \/>\n<span style=\"color: #003773;\">NL-2333 CH Leiden<br \/>\nNiederlande<br \/>\nT +31 71 3322309<\/span><br \/>\n<span style=\"color: #003773;\"><a style=\"color: #003773;\" href=\"mailto:info@vitalnext.com\">info@vitalnext.com<\/a><\/span><\/p>\n<h2 class=\"p1\"><\/h2>\n[\/vc_column_text][divider line_type=&#8220;No Line&#8220; custom_height=&#8220;350&#8243;][\/vc_column_inner][vc_column_inner column_padding=&#8220;no-extra-padding&#8220; column_padding_tablet=&#8220;inherit&#8220; column_padding_phone=&#8220;inherit&#8220; column_padding_position=&#8220;all&#8220; background_color_opacity=&#8220;1&#8243; background_hover_color_opacity=&#8220;1&#8243; column_shadow=&#8220;none&#8220; column_border_radius=&#8220;none&#8220; column_link_target=&#8220;_self&#8220; gradient_direction=&#8220;left_to_right&#8220; overlay_strength=&#8220;0.3&#8243; width=&#8220;1\/2&#8243; tablet_width_inherit=&#8220;default&#8220; column_border_width=&#8220;none&#8220; column_border_style=&#8220;solid&#8220; bg_image_animation=&#8220;none&#8220;][\/vc_column_inner][\/vc_row_inner][\/vc_column][\/vc_row]\n","protected":false},"excerpt":{"rendered":"<p>[vc_row type=&#8220;full_width_background&#8220; full_screen_row_position=&#8220;middle&#8220; column_margin=&#8220;default&#8220; column_direction=&#8220;default&#8220; column_direction_tablet=&#8220;default&#8220; column_direction_phone=&#8220;default&#8220; bg_image=&#8220;567&#8243; bg_position=&#8220;center top&#8220; bg_repeat=&#8220;no-repeat&#8220; scene_position=&#8220;center&#8220; text_color=&#8220;dark&#8220; text_align=&#8220;left&#8220; row_border_radius=&#8220;none&#8220; row_border_radius_applies=&#8220;bg&#8220; overlay_strength=&#8220;0.3&#8243; gradient_direction=&#8220;left_to_right&#8220; shape_divider_position=&#8220;bottom&#8220; bg_image_animation=&#8220;none&#8220; shape_type=&#8220;&#8220;][vc_column column_padding=&#8220;no-extra-padding&#8220; column_padding_tablet=&#8220;inherit&#8220; column_padding_phone=&#8220;inherit&#8220; column_padding_position=&#8220;all&#8220; background_color_opacity=&#8220;1&#8243; background_hover_color_opacity=&#8220;1&#8243; column_shadow=&#8220;none&#8220; column_border_radius=&#8220;none&#8220; column_link_target=&#8220;_self&#8220;&#8230;<\/p>\n","protected":false},"author":1,"featured_media":0,"parent":0,"menu_order":0,"comment_status":"closed","ping_status":"closed","template":"","meta":{"footnotes":""},"class_list":["post-981","page","type-page","status-publish"],"yoast_head":"<!-- This site is optimized with the Yoast SEO plugin v26.9 - https:\/\/yoast.com\/product\/yoast-seo-wordpress\/ -->\n<title>\u00dcBER UNS - VitalNext<\/title>\n<meta name=\"robots\" content=\"index, follow, max-snippet:-1, max-image-preview:large, max-video-preview:-1\" \/>\n<link rel=\"canonical\" href=\"https:\/\/vitalnext.com\/de\/ueber-uns\/\" \/>\n<meta property=\"og:locale\" content=\"de_DE\" \/>\n<meta property=\"og:type\" content=\"article\" \/>\n<meta property=\"og:title\" content=\"\u00dcBER UNS - VitalNext\" \/>\n<meta property=\"og:description\" content=\"[vc_row type=&#8220;full_width_background&#8220; full_screen_row_position=&#8220;middle&#8220; column_margin=&#8220;default&#8220; column_direction=&#8220;default&#8220; column_direction_tablet=&#8220;default&#8220; column_direction_phone=&#8220;default&#8220; bg_image=&#8220;567&#8243; bg_position=&#8220;center top&#8220; bg_repeat=&#8220;no-repeat&#8220; scene_position=&#8220;center&#8220; text_color=&#8220;dark&#8220; text_align=&#8220;left&#8220; row_border_radius=&#8220;none&#8220; row_border_radius_applies=&#8220;bg&#8220; overlay_strength=&#8220;0.3&#8243; gradient_direction=&#8220;left_to_right&#8220; shape_divider_position=&#8220;bottom&#8220; bg_image_animation=&#8220;none&#8220; shape_type=&#8220;&#8220;][vc_column column_padding=&#8220;no-extra-padding&#8220; column_padding_tablet=&#8220;inherit&#8220; column_padding_phone=&#8220;inherit&#8220; column_padding_position=&#8220;all&#8220; background_color_opacity=&#8220;1&#8243; background_hover_color_opacity=&#8220;1&#8243; column_shadow=&#8220;none&#8220; column_border_radius=&#8220;none&#8220; column_link_target=&#8220;_self&#8220;...\" \/>\n<meta property=\"og:url\" content=\"https:\/\/vitalnext.com\/de\/ueber-uns\/\" \/>\n<meta property=\"og:site_name\" content=\"VitalNext\" \/>\n<meta property=\"article:modified_time\" content=\"2023-09-09T10:03:12+00:00\" \/>\n<meta name=\"twitter:card\" content=\"summary_large_image\" \/>\n<meta name=\"twitter:label1\" content=\"Gesch\u00e4tzte Lesezeit\" \/>\n\t<meta name=\"twitter:data1\" content=\"3\u00a0Minuten\" \/>\n<script type=\"application\/ld+json\" class=\"yoast-schema-graph\">{\"@context\":\"https:\/\/schema.org\",\"@graph\":[{\"@type\":\"WebPage\",\"@id\":\"https:\/\/vitalnext.com\/de\/ueber-uns\/\",\"url\":\"https:\/\/vitalnext.com\/de\/ueber-uns\/\",\"name\":\"\u00dcBER UNS - VitalNext\",\"isPartOf\":{\"@id\":\"https:\/\/vitalnext.com\/de\/#website\"},\"datePublished\":\"2021-05-03T19:33:11+00:00\",\"dateModified\":\"2023-09-09T10:03:12+00:00\",\"breadcrumb\":{\"@id\":\"https:\/\/vitalnext.com\/de\/ueber-uns\/#breadcrumb\"},\"inLanguage\":\"de\",\"potentialAction\":[{\"@type\":\"ReadAction\",\"target\":[\"https:\/\/vitalnext.com\/de\/ueber-uns\/\"]}]},{\"@type\":\"BreadcrumbList\",\"@id\":\"https:\/\/vitalnext.com\/de\/ueber-uns\/#breadcrumb\",\"itemListElement\":[{\"@type\":\"ListItem\",\"position\":1,\"name\":\"Home\",\"item\":\"https:\/\/vitalnext.com\/de\/\"},{\"@type\":\"ListItem\",\"position\":2,\"name\":\"\u00dcBER UNS\"}]},{\"@type\":\"WebSite\",\"@id\":\"https:\/\/vitalnext.com\/de\/#website\",\"url\":\"https:\/\/vitalnext.com\/de\/\",\"name\":\"Vitalnext\",\"description\":\"Life science products\",\"potentialAction\":[{\"@type\":\"SearchAction\",\"target\":{\"@type\":\"EntryPoint\",\"urlTemplate\":\"https:\/\/vitalnext.com\/de\/?s={search_term_string}\"},\"query-input\":{\"@type\":\"PropertyValueSpecification\",\"valueRequired\":true,\"valueName\":\"search_term_string\"}}],\"inLanguage\":\"de\"}]}<\/script>\n<!-- \/ Yoast SEO plugin. -->","yoast_head_json":{"title":"\u00dcBER UNS - VitalNext","robots":{"index":"index","follow":"follow","max-snippet":"max-snippet:-1","max-image-preview":"max-image-preview:large","max-video-preview":"max-video-preview:-1"},"canonical":"https:\/\/vitalnext.com\/de\/ueber-uns\/","og_locale":"de_DE","og_type":"article","og_title":"\u00dcBER UNS - VitalNext","og_description":"[vc_row type=&#8220;full_width_background&#8220; full_screen_row_position=&#8220;middle&#8220; column_margin=&#8220;default&#8220; column_direction=&#8220;default&#8220; column_direction_tablet=&#8220;default&#8220; column_direction_phone=&#8220;default&#8220; bg_image=&#8220;567&#8243; bg_position=&#8220;center top&#8220; bg_repeat=&#8220;no-repeat&#8220; scene_position=&#8220;center&#8220; text_color=&#8220;dark&#8220; text_align=&#8220;left&#8220; row_border_radius=&#8220;none&#8220; row_border_radius_applies=&#8220;bg&#8220; overlay_strength=&#8220;0.3&#8243; gradient_direction=&#8220;left_to_right&#8220; shape_divider_position=&#8220;bottom&#8220; bg_image_animation=&#8220;none&#8220; shape_type=&#8220;&#8220;][vc_column column_padding=&#8220;no-extra-padding&#8220; column_padding_tablet=&#8220;inherit&#8220; column_padding_phone=&#8220;inherit&#8220; column_padding_position=&#8220;all&#8220; background_color_opacity=&#8220;1&#8243; background_hover_color_opacity=&#8220;1&#8243; column_shadow=&#8220;none&#8220; column_border_radius=&#8220;none&#8220; column_link_target=&#8220;_self&#8220;...","og_url":"https:\/\/vitalnext.com\/de\/ueber-uns\/","og_site_name":"VitalNext","article_modified_time":"2023-09-09T10:03:12+00:00","twitter_card":"summary_large_image","twitter_misc":{"Gesch\u00e4tzte Lesezeit":"3\u00a0Minuten"},"schema":{"@context":"https:\/\/schema.org","@graph":[{"@type":"WebPage","@id":"https:\/\/vitalnext.com\/de\/ueber-uns\/","url":"https:\/\/vitalnext.com\/de\/ueber-uns\/","name":"\u00dcBER UNS - VitalNext","isPartOf":{"@id":"https:\/\/vitalnext.com\/de\/#website"},"datePublished":"2021-05-03T19:33:11+00:00","dateModified":"2023-09-09T10:03:12+00:00","breadcrumb":{"@id":"https:\/\/vitalnext.com\/de\/ueber-uns\/#breadcrumb"},"inLanguage":"de","potentialAction":[{"@type":"ReadAction","target":["https:\/\/vitalnext.com\/de\/ueber-uns\/"]}]},{"@type":"BreadcrumbList","@id":"https:\/\/vitalnext.com\/de\/ueber-uns\/#breadcrumb","itemListElement":[{"@type":"ListItem","position":1,"name":"Home","item":"https:\/\/vitalnext.com\/de\/"},{"@type":"ListItem","position":2,"name":"\u00dcBER UNS"}]},{"@type":"WebSite","@id":"https:\/\/vitalnext.com\/de\/#website","url":"https:\/\/vitalnext.com\/de\/","name":"Vitalnext","description":"Life science products","potentialAction":[{"@type":"SearchAction","target":{"@type":"EntryPoint","urlTemplate":"https:\/\/vitalnext.com\/de\/?s={search_term_string}"},"query-input":{"@type":"PropertyValueSpecification","valueRequired":true,"valueName":"search_term_string"}}],"inLanguage":"de"}]}},"_links":{"self":[{"href":"https:\/\/vitalnext.com\/de\/wp-json\/wp\/v2\/pages\/981","targetHints":{"allow":["GET"]}}],"collection":[{"href":"https:\/\/vitalnext.com\/de\/wp-json\/wp\/v2\/pages"}],"about":[{"href":"https:\/\/vitalnext.com\/de\/wp-json\/wp\/v2\/types\/page"}],"author":[{"embeddable":true,"href":"https:\/\/vitalnext.com\/de\/wp-json\/wp\/v2\/users\/1"}],"replies":[{"embeddable":true,"href":"https:\/\/vitalnext.com\/de\/wp-json\/wp\/v2\/comments?post=981"}],"version-history":[{"count":9,"href":"https:\/\/vitalnext.com\/de\/wp-json\/wp\/v2\/pages\/981\/revisions"}],"predecessor-version":[{"id":1327,"href":"https:\/\/vitalnext.com\/de\/wp-json\/wp\/v2\/pages\/981\/revisions\/1327"}],"wp:attachment":[{"href":"https:\/\/vitalnext.com\/de\/wp-json\/wp\/v2\/media?parent=981"}],"curies":[{"name":"wp","href":"https:\/\/api.w.org\/{rel}","templated":true}]}}