{"id":955,"date":"2021-05-03T19:09:32","date_gmt":"2021-05-03T19:09:32","guid":{"rendered":"https:\/\/vitalnext.com\/?page_id=955"},"modified":"2021-05-04T14:00:44","modified_gmt":"2021-05-04T14:00:44","slug":"verordner","status":"publish","type":"page","link":"https:\/\/vitalnext.com\/de\/verordner\/","title":{"rendered":"VERORDNER"},"content":{"rendered":"[vc_row type=&#8220;full_width_background&#8220; full_screen_row_position=&#8220;middle&#8220; column_margin=&#8220;default&#8220; column_direction=&#8220;default&#8220; column_direction_tablet=&#8220;default&#8220; column_direction_phone=&#8220;default&#8220; bg_image=&#8220;567&#8243; bg_position=&#8220;center top&#8220; bg_repeat=&#8220;no-repeat&#8220; scene_position=&#8220;center&#8220; text_color=&#8220;dark&#8220; text_align=&#8220;left&#8220; row_border_radius=&#8220;none&#8220; row_border_radius_applies=&#8220;bg&#8220; overlay_strength=&#8220;0.3&#8243; gradient_direction=&#8220;left_to_right&#8220; shape_divider_position=&#8220;bottom&#8220; bg_image_animation=&#8220;none&#8220; shape_type=&#8220;&#8220;][vc_column column_padding=&#8220;no-extra-padding&#8220; column_padding_tablet=&#8220;inherit&#8220; column_padding_phone=&#8220;inherit&#8220; column_padding_position=&#8220;all&#8220; background_color_opacity=&#8220;1&#8243; background_hover_color_opacity=&#8220;1&#8243; column_shadow=&#8220;none&#8220; column_border_radius=&#8220;none&#8220; column_link_target=&#8220;_self&#8220; gradient_direction=&#8220;left_to_right&#8220; overlay_strength=&#8220;0.3&#8243; width=&#8220;1\/1&#8243; tablet_width_inherit=&#8220;default&#8220; tablet_text_alignment=&#8220;default&#8220; phone_text_alignment=&#8220;default&#8220; column_border_width=&#8220;none&#8220; column_border_style=&#8220;solid&#8220; bg_image_animation=&#8220;none&#8220;][vc_row_inner column_margin=&#8220;default&#8220; column_direction=&#8220;default&#8220; column_direction_tablet=&#8220;default&#8220; column_direction_phone=&#8220;default&#8220; text_align=&#8220;left&#8220;][vc_column_inner column_padding=&#8220;no-extra-padding&#8220; column_padding_tablet=&#8220;inherit&#8220; column_padding_phone=&#8220;inherit&#8220; column_padding_position=&#8220;all&#8220; background_color_opacity=&#8220;1&#8243; background_hover_color_opacity=&#8220;1&#8243; column_shadow=&#8220;none&#8220; column_border_radius=&#8220;none&#8220; column_link_target=&#8220;_self&#8220; gradient_direction=&#8220;left_to_right&#8220; overlay_strength=&#8220;0.3&#8243; width=&#8220;1\/2&#8243; tablet_width_inherit=&#8220;default&#8220; column_border_width=&#8220;none&#8220; column_border_style=&#8220;solid&#8220; bg_image_animation=&#8220;none&#8220;][divider line_type=&#8220;No Line&#8220; custom_height=&#8220;120&#8243;][vc_column_text]\n<h2><span style=\"color: #003773;\">Verordner<\/span><\/h2>\n<p>&nbsp;<\/p>\n<h3><span style=\"color: #bed000;\">VitalNext ist eine Alternative zur herk\u00f6mmlichen Trinknahrung. Das Produkt wird in 63-g-Beuteln in 10er-Packungen geliefert und ist einfach anwendbar und leicht l\u00f6slich.<\/span><\/h3>\n[\/vc_column_text][\/vc_column_inner][vc_column_inner column_padding=&#8220;no-extra-padding&#8220; column_padding_tablet=&#8220;inherit&#8220; column_padding_phone=&#8220;inherit&#8220; column_padding_position=&#8220;all&#8220; background_color_opacity=&#8220;1&#8243; background_hover_color_opacity=&#8220;1&#8243; column_shadow=&#8220;none&#8220; column_border_radius=&#8220;none&#8220; column_link_target=&#8220;_self&#8220; gradient_direction=&#8220;left_to_right&#8220; overlay_strength=&#8220;0.3&#8243; width=&#8220;1\/2&#8243; tablet_width_inherit=&#8220;default&#8220; column_border_width=&#8220;none&#8220; column_border_style=&#8220;solid&#8220; bg_image_animation=&#8220;none&#8220;][divider line_type=&#8220;No Line&#8220; custom_height=&#8220;120&#8243; custom_height_phone=&#8220;0&#8243; custom_height_tablet=&#8220;40&#8243;][image_with_animation image_url=&#8220;883&#8243; animation=&#8220;Fade In&#8220; hover_animation=&#8220;none&#8220; alignment=&#8220;center&#8220; border_radius=&#8220;none&#8220; box_shadow=&#8220;none&#8220; image_loading=&#8220;default&#8220; max_width=&#8220;100%&#8220; max_width_mobile=&#8220;default&#8220;][\/vc_column_inner][\/vc_row_inner][vc_row_inner column_margin=&#8220;default&#8220; column_direction=&#8220;default&#8220; column_direction_tablet=&#8220;default&#8220; column_direction_phone=&#8220;default&#8220; text_align=&#8220;left&#8220;][vc_column_inner column_padding=&#8220;no-extra-padding&#8220; column_padding_tablet=&#8220;inherit&#8220; column_padding_phone=&#8220;inherit&#8220; column_padding_position=&#8220;all&#8220; background_color_opacity=&#8220;1&#8243; background_hover_color_opacity=&#8220;1&#8243; column_shadow=&#8220;none&#8220; column_border_radius=&#8220;none&#8220; column_link_target=&#8220;_self&#8220; gradient_direction=&#8220;left_to_right&#8220; overlay_strength=&#8220;0.3&#8243; width=&#8220;1\/2&#8243; tablet_width_inherit=&#8220;default&#8220; column_border_width=&#8220;none&#8220; column_border_style=&#8220;solid&#8220; bg_image_animation=&#8220;none&#8220; offset=&#8220;vc_hidden-xs&#8220;][divider line_type=&#8220;No Line&#8220; custom_height=&#8220;120&#8243;][image_with_animation image_url=&#8220;539&#8243; animation=&#8220;Fade In&#8220; hover_animation=&#8220;none&#8220; alignment=&#8220;center&#8220; border_radius=&#8220;none&#8220; box_shadow=&#8220;none&#8220; image_loading=&#8220;default&#8220; max_width=&#8220;100%&#8220; max_width_mobile=&#8220;default&#8220;][\/vc_column_inner][vc_column_inner column_padding=&#8220;no-extra-padding&#8220; column_padding_tablet=&#8220;inherit&#8220; column_padding_phone=&#8220;inherit&#8220; column_padding_position=&#8220;all&#8220; background_color_opacity=&#8220;1&#8243; background_hover_color_opacity=&#8220;1&#8243; column_shadow=&#8220;none&#8220; column_border_radius=&#8220;none&#8220; column_link_target=&#8220;_self&#8220; gradient_direction=&#8220;left_to_right&#8220; overlay_strength=&#8220;0.3&#8243; width=&#8220;1\/2&#8243; tablet_width_inherit=&#8220;default&#8220; column_border_width=&#8220;none&#8220; column_border_style=&#8220;solid&#8220; bg_image_animation=&#8220;none&#8220;][divider line_type=&#8220;No Line&#8220; custom_height=&#8220;60&#8243; custom_height_phone=&#8220;0&#8243; custom_height_tablet=&#8220;20&#8243;][vc_column_text]<span style=\"color: #003773;\">VitalNext kann durch allerlei Speisen und Getr\u00e4nke gemischt werden, ohne den urspr\u00fcnglichen Geschmack, Geruch und die Struktur zu beeintr\u00e4chtigen. Beispiele f\u00fcr solche Speisen und Getr\u00e4nke sind Vla, Obsts\u00e4fte, Kaffee, Milchshakes, Suppen und Saucen, aber auch Eint\u00f6pfe, Kartoffelbrei, Fleischsauce, Thunfischsalat, Reisgerichte, Apfelmus, Pasta und Bohnengerichte. VitalNext kann auch beim Backen und Braten verwendet werden, beispielsweise in einem Omelett oder in Muffins.<\/span><\/p>\n<p><span style=\"color: #003773;\">Auf diese Weise kann der Anwender weiterhin seinen eigenen Geschmacksvorlieben folgen.<\/span><\/p>\n<p><span style=\"color: #003773;\">In einer Fokusgruppe mit Ern\u00e4hrungsberatern\/Di\u00e4tassistenten, in denen die Anwendung von VitalNext getestet wurde, stellte sich heraus, dass die Anwendung von VitalNext zu einer verminderten Zahl fester Essenszeitpunkte an einem Tag f\u00fchrte. Die regul\u00e4ren Zeitpunkte sind mit VitalNext n\u00e4mlich ausreichend.<\/span>[\/vc_column_text][\/vc_column_inner][\/vc_row_inner][vc_row_inner column_margin=&#8220;default&#8220; column_direction=&#8220;default&#8220; column_direction_tablet=&#8220;default&#8220; column_direction_phone=&#8220;default&#8220; text_align=&#8220;left&#8220; el_id=&#8220;patienten&#8220;][vc_column_inner column_padding=&#8220;no-extra-padding&#8220; column_padding_tablet=&#8220;inherit&#8220; column_padding_phone=&#8220;inherit&#8220; column_padding_position=&#8220;all&#8220; background_color_opacity=&#8220;1&#8243; background_hover_color_opacity=&#8220;1&#8243; column_shadow=&#8220;none&#8220; column_border_radius=&#8220;none&#8220; column_link_target=&#8220;_self&#8220; gradient_direction=&#8220;left_to_right&#8220; overlay_strength=&#8220;0.3&#8243; width=&#8220;1\/2&#8243; tablet_width_inherit=&#8220;default&#8220; column_border_width=&#8220;none&#8220; column_border_style=&#8220;solid&#8220; bg_image_animation=&#8220;none&#8220;][divider line_type=&#8220;No Line&#8220; custom_height=&#8220;140&#8243;][vc_column_text]\n<h2><span style=\"color: #003773;\">Patienten<\/span><\/h2>\n[\/vc_column_text][vc_column_text]\n<h3><span style=\"color: #bed000;\">VitalNext kann als Unterst\u00fctzung bei der Behandlung von Patienten mit einer Mangelern\u00e4hrung verwendet werden<\/span><\/h3>\n<p>&nbsp;<\/p>\n<p><span style=\"color: #003773;\">Patienten mit einem N\u00e4hrstoffdefizit f\u00e4llt es meist schwer, eine Mahlzeit zu sich zu nehmen. Durch die Verwendung von VitalNext in regul\u00e4ren Mahlzeiten brauchen keine zus\u00e4tzlichen Mahlzeiten dazwischen geschoben zu werden. Das Produkt eignet sich auch f\u00fcr Patienten, deren Geschmackswahrnehmung sich vor\u00fcbergehend \u00e4ndert.<\/span>[\/vc_column_text][\/vc_column_inner][vc_column_inner column_padding=&#8220;no-extra-padding&#8220; column_padding_tablet=&#8220;inherit&#8220; column_padding_phone=&#8220;inherit&#8220; column_padding_position=&#8220;all&#8220; background_color_opacity=&#8220;1&#8243; background_hover_color_opacity=&#8220;1&#8243; column_shadow=&#8220;none&#8220; column_border_radius=&#8220;none&#8220; column_link_target=&#8220;_self&#8220; gradient_direction=&#8220;left_to_right&#8220; overlay_strength=&#8220;0.3&#8243; width=&#8220;1\/2&#8243; tablet_width_inherit=&#8220;default&#8220; column_border_width=&#8220;none&#8220; column_border_style=&#8220;solid&#8220; bg_image_animation=&#8220;none&#8220;][\/vc_column_inner][\/vc_row_inner][vc_row_inner column_margin=&#8220;default&#8220; column_direction=&#8220;default&#8220; column_direction_tablet=&#8220;default&#8220; column_direction_phone=&#8220;default&#8220; text_align=&#8220;left&#8220; el_id=&#8220;vitalnext verordnen&#8220;][vc_column_inner column_padding=&#8220;no-extra-padding&#8220; column_padding_tablet=&#8220;inherit&#8220; column_padding_phone=&#8220;inherit&#8220; column_padding_position=&#8220;all&#8220; background_color_opacity=&#8220;1&#8243; background_hover_color_opacity=&#8220;1&#8243; column_shadow=&#8220;none&#8220; column_border_radius=&#8220;none&#8220; column_link_target=&#8220;_self&#8220; gradient_direction=&#8220;left_to_right&#8220; overlay_strength=&#8220;0.3&#8243; width=&#8220;1\/2&#8243; tablet_width_inherit=&#8220;default&#8220; column_border_width=&#8220;none&#8220; column_border_style=&#8220;solid&#8220; bg_image_animation=&#8220;none&#8220;][divider line_type=&#8220;No Line&#8220; custom_height=&#8220;240&#8243;][vc_column_text]\n<h2><span style=\"color: #003773;\">VitalNext verordnen<\/span><\/h2>\n<p>&nbsp;<\/p>\n<h3 class=\"\"><span class=\"\" lang=\"DE\" style=\"color: #bed000;\">VitalNext erf\u00fcllt die Erstattungskriterien f\u00fcr Lebensmittel f\u00fcr besondere medizinische Zwecke und kann auf die regul\u00e4re Weise verordnet werden.<\/span><\/h3>\n[\/vc_column_text][\/vc_column_inner][vc_column_inner column_padding=&#8220;no-extra-padding&#8220; column_padding_tablet=&#8220;inherit&#8220; column_padding_phone=&#8220;inherit&#8220; column_padding_position=&#8220;all&#8220; background_color_opacity=&#8220;1&#8243; background_hover_color_opacity=&#8220;1&#8243; column_shadow=&#8220;none&#8220; column_border_radius=&#8220;none&#8220; column_link_target=&#8220;_self&#8220; gradient_direction=&#8220;left_to_right&#8220; overlay_strength=&#8220;0.3&#8243; width=&#8220;1\/2&#8243; tablet_width_inherit=&#8220;default&#8220; column_border_width=&#8220;none&#8220; column_border_style=&#8220;solid&#8220; bg_image_animation=&#8220;none&#8220;][divider line_type=&#8220;No Line&#8220; custom_height=&#8220;160&#8243; custom_height_phone=&#8220;0&#8243;][image_with_animation image_url=&#8220;881&#8243; animation=&#8220;Fade In&#8220; hover_animation=&#8220;none&#8220; alignment=&#8220;center&#8220; border_radius=&#8220;none&#8220; box_shadow=&#8220;none&#8220; image_loading=&#8220;default&#8220; max_width=&#8220;100%&#8220; max_width_mobile=&#8220;default&#8220;][\/vc_column_inner][\/vc_row_inner][vc_row_inner column_margin=&#8220;default&#8220; column_direction=&#8220;default&#8220; column_direction_tablet=&#8220;default&#8220; column_direction_phone=&#8220;default&#8220; text_align=&#8220;left&#8220; el_id=&#8220;h\u00e4ufig gestellte fragen&#8220;][vc_column_inner column_padding=&#8220;no-extra-padding&#8220; column_padding_tablet=&#8220;inherit&#8220; column_padding_phone=&#8220;inherit&#8220; column_padding_position=&#8220;all&#8220; background_color_opacity=&#8220;1&#8243; background_hover_color_opacity=&#8220;1&#8243; column_shadow=&#8220;none&#8220; column_border_radius=&#8220;none&#8220; column_link_target=&#8220;_self&#8220; gradient_direction=&#8220;left_to_right&#8220; overlay_strength=&#8220;0.3&#8243; width=&#8220;1\/1&#8243; tablet_width_inherit=&#8220;default&#8220; column_border_width=&#8220;none&#8220; column_border_style=&#8220;solid&#8220; bg_image_animation=&#8220;none&#8220;][divider line_type=&#8220;No Line&#8220; custom_height=&#8220;240&#8243;][vc_column_text]\n<h2><span style=\"color: #003773;\">H\u00e4ufig gestellte Fragen<\/span><\/h2>\n<h2 class=\"p1\"><\/h2>\n[\/vc_column_text][divider line_type=&#8220;No Line&#8220; custom_height=&#8220;500&#8243;][\/vc_column_inner][\/vc_row_inner][\/vc_column][\/vc_row]\n","protected":false},"excerpt":{"rendered":"<p>[vc_row type=&#8220;full_width_background&#8220; full_screen_row_position=&#8220;middle&#8220; column_margin=&#8220;default&#8220; column_direction=&#8220;default&#8220; column_direction_tablet=&#8220;default&#8220; column_direction_phone=&#8220;default&#8220; bg_image=&#8220;567&#8243; bg_position=&#8220;center top&#8220; bg_repeat=&#8220;no-repeat&#8220; scene_position=&#8220;center&#8220; text_color=&#8220;dark&#8220; text_align=&#8220;left&#8220; row_border_radius=&#8220;none&#8220; row_border_radius_applies=&#8220;bg&#8220; overlay_strength=&#8220;0.3&#8243; gradient_direction=&#8220;left_to_right&#8220; shape_divider_position=&#8220;bottom&#8220; bg_image_animation=&#8220;none&#8220; shape_type=&#8220;&#8220;][vc_column column_padding=&#8220;no-extra-padding&#8220; column_padding_tablet=&#8220;inherit&#8220; column_padding_phone=&#8220;inherit&#8220; column_padding_position=&#8220;all&#8220; background_color_opacity=&#8220;1&#8243; background_hover_color_opacity=&#8220;1&#8243; column_shadow=&#8220;none&#8220; column_border_radius=&#8220;none&#8220; column_link_target=&#8220;_self&#8220;&#8230;<\/p>\n","protected":false},"author":1,"featured_media":0,"parent":0,"menu_order":0,"comment_status":"closed","ping_status":"closed","template":"","meta":{"footnotes":""},"class_list":["post-955","page","type-page","status-publish"],"yoast_head":"<!-- This site is optimized with the Yoast SEO plugin v26.9 - https:\/\/yoast.com\/product\/yoast-seo-wordpress\/ -->\n<title>VERORDNER - VitalNext<\/title>\n<meta name=\"robots\" content=\"index, follow, max-snippet:-1, max-image-preview:large, max-video-preview:-1\" \/>\n<link rel=\"canonical\" href=\"https:\/\/vitalnext.com\/de\/verordner\/\" \/>\n<meta property=\"og:locale\" content=\"de_DE\" \/>\n<meta property=\"og:type\" content=\"article\" \/>\n<meta property=\"og:title\" content=\"VERORDNER - VitalNext\" \/>\n<meta property=\"og:description\" content=\"[vc_row type=&#8220;full_width_background&#8220; full_screen_row_position=&#8220;middle&#8220; column_margin=&#8220;default&#8220; column_direction=&#8220;default&#8220; column_direction_tablet=&#8220;default&#8220; column_direction_phone=&#8220;default&#8220; bg_image=&#8220;567&#8243; bg_position=&#8220;center top&#8220; bg_repeat=&#8220;no-repeat&#8220; scene_position=&#8220;center&#8220; text_color=&#8220;dark&#8220; text_align=&#8220;left&#8220; row_border_radius=&#8220;none&#8220; row_border_radius_applies=&#8220;bg&#8220; overlay_strength=&#8220;0.3&#8243; gradient_direction=&#8220;left_to_right&#8220; shape_divider_position=&#8220;bottom&#8220; bg_image_animation=&#8220;none&#8220; shape_type=&#8220;&#8220;][vc_column column_padding=&#8220;no-extra-padding&#8220; column_padding_tablet=&#8220;inherit&#8220; column_padding_phone=&#8220;inherit&#8220; column_padding_position=&#8220;all&#8220; background_color_opacity=&#8220;1&#8243; background_hover_color_opacity=&#8220;1&#8243; column_shadow=&#8220;none&#8220; column_border_radius=&#8220;none&#8220; column_link_target=&#8220;_self&#8220;...\" \/>\n<meta property=\"og:url\" content=\"https:\/\/vitalnext.com\/de\/verordner\/\" \/>\n<meta property=\"og:site_name\" content=\"VitalNext\" \/>\n<meta property=\"article:modified_time\" content=\"2021-05-04T14:00:44+00:00\" \/>\n<meta name=\"twitter:card\" content=\"summary_large_image\" \/>\n<meta name=\"twitter:label1\" content=\"Gesch\u00e4tzte Lesezeit\" \/>\n\t<meta name=\"twitter:data1\" content=\"3\u00a0Minuten\" \/>\n<script type=\"application\/ld+json\" class=\"yoast-schema-graph\">{\"@context\":\"https:\/\/schema.org\",\"@graph\":[{\"@type\":\"WebPage\",\"@id\":\"https:\/\/vitalnext.com\/de\/verordner\/\",\"url\":\"https:\/\/vitalnext.com\/de\/verordner\/\",\"name\":\"VERORDNER - VitalNext\",\"isPartOf\":{\"@id\":\"https:\/\/vitalnext.com\/de\/#website\"},\"datePublished\":\"2021-05-03T19:09:32+00:00\",\"dateModified\":\"2021-05-04T14:00:44+00:00\",\"breadcrumb\":{\"@id\":\"https:\/\/vitalnext.com\/de\/verordner\/#breadcrumb\"},\"inLanguage\":\"de\",\"potentialAction\":[{\"@type\":\"ReadAction\",\"target\":[\"https:\/\/vitalnext.com\/de\/verordner\/\"]}]},{\"@type\":\"BreadcrumbList\",\"@id\":\"https:\/\/vitalnext.com\/de\/verordner\/#breadcrumb\",\"itemListElement\":[{\"@type\":\"ListItem\",\"position\":1,\"name\":\"Home\",\"item\":\"https:\/\/vitalnext.com\/de\/\"},{\"@type\":\"ListItem\",\"position\":2,\"name\":\"VERORDNER\"}]},{\"@type\":\"WebSite\",\"@id\":\"https:\/\/vitalnext.com\/de\/#website\",\"url\":\"https:\/\/vitalnext.com\/de\/\",\"name\":\"Vitalnext\",\"description\":\"Life science products\",\"potentialAction\":[{\"@type\":\"SearchAction\",\"target\":{\"@type\":\"EntryPoint\",\"urlTemplate\":\"https:\/\/vitalnext.com\/de\/?s={search_term_string}\"},\"query-input\":{\"@type\":\"PropertyValueSpecification\",\"valueRequired\":true,\"valueName\":\"search_term_string\"}}],\"inLanguage\":\"de\"}]}<\/script>\n<!-- \/ Yoast SEO plugin. -->","yoast_head_json":{"title":"VERORDNER - VitalNext","robots":{"index":"index","follow":"follow","max-snippet":"max-snippet:-1","max-image-preview":"max-image-preview:large","max-video-preview":"max-video-preview:-1"},"canonical":"https:\/\/vitalnext.com\/de\/verordner\/","og_locale":"de_DE","og_type":"article","og_title":"VERORDNER - VitalNext","og_description":"[vc_row type=&#8220;full_width_background&#8220; full_screen_row_position=&#8220;middle&#8220; column_margin=&#8220;default&#8220; column_direction=&#8220;default&#8220; column_direction_tablet=&#8220;default&#8220; column_direction_phone=&#8220;default&#8220; bg_image=&#8220;567&#8243; bg_position=&#8220;center top&#8220; bg_repeat=&#8220;no-repeat&#8220; scene_position=&#8220;center&#8220; text_color=&#8220;dark&#8220; text_align=&#8220;left&#8220; row_border_radius=&#8220;none&#8220; row_border_radius_applies=&#8220;bg&#8220; overlay_strength=&#8220;0.3&#8243; gradient_direction=&#8220;left_to_right&#8220; shape_divider_position=&#8220;bottom&#8220; bg_image_animation=&#8220;none&#8220; shape_type=&#8220;&#8220;][vc_column column_padding=&#8220;no-extra-padding&#8220; column_padding_tablet=&#8220;inherit&#8220; column_padding_phone=&#8220;inherit&#8220; column_padding_position=&#8220;all&#8220; background_color_opacity=&#8220;1&#8243; background_hover_color_opacity=&#8220;1&#8243; column_shadow=&#8220;none&#8220; column_border_radius=&#8220;none&#8220; column_link_target=&#8220;_self&#8220;...","og_url":"https:\/\/vitalnext.com\/de\/verordner\/","og_site_name":"VitalNext","article_modified_time":"2021-05-04T14:00:44+00:00","twitter_card":"summary_large_image","twitter_misc":{"Gesch\u00e4tzte Lesezeit":"3\u00a0Minuten"},"schema":{"@context":"https:\/\/schema.org","@graph":[{"@type":"WebPage","@id":"https:\/\/vitalnext.com\/de\/verordner\/","url":"https:\/\/vitalnext.com\/de\/verordner\/","name":"VERORDNER - VitalNext","isPartOf":{"@id":"https:\/\/vitalnext.com\/de\/#website"},"datePublished":"2021-05-03T19:09:32+00:00","dateModified":"2021-05-04T14:00:44+00:00","breadcrumb":{"@id":"https:\/\/vitalnext.com\/de\/verordner\/#breadcrumb"},"inLanguage":"de","potentialAction":[{"@type":"ReadAction","target":["https:\/\/vitalnext.com\/de\/verordner\/"]}]},{"@type":"BreadcrumbList","@id":"https:\/\/vitalnext.com\/de\/verordner\/#breadcrumb","itemListElement":[{"@type":"ListItem","position":1,"name":"Home","item":"https:\/\/vitalnext.com\/de\/"},{"@type":"ListItem","position":2,"name":"VERORDNER"}]},{"@type":"WebSite","@id":"https:\/\/vitalnext.com\/de\/#website","url":"https:\/\/vitalnext.com\/de\/","name":"Vitalnext","description":"Life science products","potentialAction":[{"@type":"SearchAction","target":{"@type":"EntryPoint","urlTemplate":"https:\/\/vitalnext.com\/de\/?s={search_term_string}"},"query-input":{"@type":"PropertyValueSpecification","valueRequired":true,"valueName":"search_term_string"}}],"inLanguage":"de"}]}},"_links":{"self":[{"href":"https:\/\/vitalnext.com\/de\/wp-json\/wp\/v2\/pages\/955","targetHints":{"allow":["GET"]}}],"collection":[{"href":"https:\/\/vitalnext.com\/de\/wp-json\/wp\/v2\/pages"}],"about":[{"href":"https:\/\/vitalnext.com\/de\/wp-json\/wp\/v2\/types\/page"}],"author":[{"embeddable":true,"href":"https:\/\/vitalnext.com\/de\/wp-json\/wp\/v2\/users\/1"}],"replies":[{"embeddable":true,"href":"https:\/\/vitalnext.com\/de\/wp-json\/wp\/v2\/comments?post=955"}],"version-history":[{"count":11,"href":"https:\/\/vitalnext.com\/de\/wp-json\/wp\/v2\/pages\/955\/revisions"}],"predecessor-version":[{"id":1079,"href":"https:\/\/vitalnext.com\/de\/wp-json\/wp\/v2\/pages\/955\/revisions\/1079"}],"wp:attachment":[{"href":"https:\/\/vitalnext.com\/de\/wp-json\/wp\/v2\/media?parent=955"}],"curies":[{"name":"wp","href":"https:\/\/api.w.org\/{rel}","templated":true}]}}