{"id":948,"date":"2021-05-03T19:00:31","date_gmt":"2021-05-03T19:00:31","guid":{"rendered":"https:\/\/vitalnext.com\/?page_id=948"},"modified":"2021-05-04T11:40:02","modified_gmt":"2021-05-04T11:40:02","slug":"patienten","status":"publish","type":"page","link":"https:\/\/vitalnext.com\/de\/patienten\/","title":{"rendered":"PATIENTEN"},"content":{"rendered":"[vc_row type=&#8220;full_width_background&#8220; full_screen_row_position=&#8220;middle&#8220; column_margin=&#8220;default&#8220; column_direction=&#8220;default&#8220; column_direction_tablet=&#8220;default&#8220; column_direction_phone=&#8220;default&#8220; bg_image=&#8220;567&#8243; bg_position=&#8220;center top&#8220; bg_repeat=&#8220;no-repeat&#8220; scene_position=&#8220;center&#8220; text_color=&#8220;dark&#8220; text_align=&#8220;left&#8220; row_border_radius=&#8220;none&#8220; row_border_radius_applies=&#8220;bg&#8220; overlay_strength=&#8220;0.3&#8243; gradient_direction=&#8220;left_to_right&#8220; shape_divider_position=&#8220;bottom&#8220; bg_image_animation=&#8220;none&#8220; shape_type=&#8220;&#8220;][vc_column column_padding=&#8220;no-extra-padding&#8220; column_padding_tablet=&#8220;inherit&#8220; column_padding_phone=&#8220;inherit&#8220; column_padding_position=&#8220;all&#8220; background_color_opacity=&#8220;1&#8243; background_hover_color_opacity=&#8220;1&#8243; column_shadow=&#8220;none&#8220; column_border_radius=&#8220;none&#8220; column_link_target=&#8220;_self&#8220; gradient_direction=&#8220;left_to_right&#8220; overlay_strength=&#8220;0.3&#8243; width=&#8220;1\/1&#8243; tablet_width_inherit=&#8220;default&#8220; tablet_text_alignment=&#8220;default&#8220; phone_text_alignment=&#8220;default&#8220; column_border_width=&#8220;none&#8220; column_border_style=&#8220;solid&#8220; bg_image_animation=&#8220;none&#8220;][vc_row_inner column_margin=&#8220;default&#8220; column_direction=&#8220;default&#8220; column_direction_tablet=&#8220;default&#8220; column_direction_phone=&#8220;default&#8220; text_align=&#8220;left&#8220;][vc_column_inner column_padding=&#8220;no-extra-padding&#8220; column_padding_tablet=&#8220;inherit&#8220; column_padding_phone=&#8220;inherit&#8220; column_padding_position=&#8220;all&#8220; background_color_opacity=&#8220;1&#8243; background_hover_color_opacity=&#8220;1&#8243; column_shadow=&#8220;none&#8220; column_border_radius=&#8220;none&#8220; column_link_target=&#8220;_self&#8220; gradient_direction=&#8220;left_to_right&#8220; overlay_strength=&#8220;0.3&#8243; width=&#8220;1\/2&#8243; tablet_width_inherit=&#8220;default&#8220; column_border_width=&#8220;none&#8220; column_border_style=&#8220;solid&#8220; bg_image_animation=&#8220;none&#8220;][divider line_type=&#8220;No Line&#8220; custom_height=&#8220;120&#8243;][vc_column_text]\n<h2><span style=\"color: #003773;\">Patienten<\/span><\/h2>\n[\/vc_column_text][vc_column_text]\n<h3><span style=\"color: #bed000;\">VitalNext ist ein Lebensmittel f\u00fcr besondere medizinische Zwecke in Pulverform. VitalNext ist deshalb so einzigartig, weil Sie VitalNext durch Speisen oder Getr\u00e4nke Ihrer Wahl mischen k\u00f6nnen. Das macht die Anwendung so einfach. VitalNext wurde gem\u00e4\u00df der EU-Richtlinie f\u00fcr Lebensmittel f\u00fcr besondere medizinische Zwecke zusammengestellt und umfassend durch Patienten getestet.<\/span><\/h3>\n<p>&nbsp;<\/p>\n<p>&nbsp;<\/p>\n[\/vc_column_text][\/vc_column_inner][vc_column_inner column_padding=&#8220;no-extra-padding&#8220; column_padding_tablet=&#8220;inherit&#8220; column_padding_phone=&#8220;inherit&#8220; column_padding_position=&#8220;all&#8220; background_color_opacity=&#8220;1&#8243; background_hover_color_opacity=&#8220;1&#8243; column_shadow=&#8220;none&#8220; column_border_radius=&#8220;none&#8220; column_link_target=&#8220;_self&#8220; gradient_direction=&#8220;left_to_right&#8220; overlay_strength=&#8220;0.3&#8243; width=&#8220;1\/2&#8243; tablet_width_inherit=&#8220;default&#8220; column_border_width=&#8220;none&#8220; column_border_style=&#8220;solid&#8220; bg_image_animation=&#8220;none&#8220;][divider line_type=&#8220;No Line&#8220; custom_height=&#8220;120&#8243; custom_height_tablet=&#8220;30&#8243; custom_height_phone=&#8220;0&#8243;][image_with_animation image_url=&#8220;654&#8243; animation=&#8220;Fade In&#8220; hover_animation=&#8220;none&#8220; alignment=&#8220;center&#8220; border_radius=&#8220;none&#8220; box_shadow=&#8220;none&#8220; image_loading=&#8220;default&#8220; max_width=&#8220;100%&#8220; max_width_mobile=&#8220;default&#8220;][\/vc_column_inner][\/vc_row_inner][vc_row_inner column_margin=&#8220;default&#8220; column_direction=&#8220;default&#8220; column_direction_tablet=&#8220;default&#8220; column_direction_phone=&#8220;default&#8220; text_align=&#8220;left&#8220; el_id=&#8220;medizinische zwecke&#8220;][vc_column_inner column_padding=&#8220;no-extra-padding&#8220; column_padding_tablet=&#8220;inherit&#8220; column_padding_phone=&#8220;inherit&#8220; column_padding_position=&#8220;all&#8220; background_color_opacity=&#8220;1&#8243; background_hover_color_opacity=&#8220;1&#8243; column_shadow=&#8220;none&#8220; column_border_radius=&#8220;none&#8220; column_link_target=&#8220;_self&#8220; gradient_direction=&#8220;left_to_right&#8220; overlay_strength=&#8220;0.3&#8243; width=&#8220;1\/1&#8243; tablet_width_inherit=&#8220;default&#8220; column_border_width=&#8220;none&#8220; column_border_style=&#8220;solid&#8220; bg_image_animation=&#8220;none&#8220;][divider line_type=&#8220;No Line&#8220; custom_height=&#8220;240&#8243;][vc_column_text]\n<h2><span style=\"color: #003773;\">Lebensmittel f\u00fcr besondere medizinische Zwecke<\/span><\/h2>\n<h3><span style=\"color: #003773;\">Optimierte Ern\u00e4hrung und Unterern\u00e4hrung<\/span><\/h3>\n[\/vc_column_text][vc_column_text]\n<h3><span style=\"color: #bed000;\">Wenn Sie unter ungewolltem Gewichtsverlust, einem Verlust an Muskelmasse\/ Muskelfunktionen leiden oder wenn Sie Ihren N\u00e4hrstoff- und Energiebedarf nicht aus der normalen Ern\u00e4hrung decken k\u00f6nnen, kann Ihr Therapeut Ihnen ein Rezept f\u00fcr Lebensmittel f\u00fcr besondere medizinische Zwecke ausstellen.<\/span><\/h3>\n<p>&nbsp;<\/p>\n<p><span style=\"color: #003773;\">Diese Lebensmittel sorgen daf\u00fcr, dass Sie die N\u00e4hrstoffe aufnehmen, die Ihr K\u00f6rper ben\u00f6tigt. Solche Lebensmittel m\u00fcssen unter medizinischer Aufsicht verwendet werden und k\u00f6nnen zus\u00e4tzlich zur normalen Ern\u00e4hrung oder anstelle der normalen Ern\u00e4hrung verschrieben werden.<\/span>[\/vc_column_text][\/vc_column_inner][\/vc_row_inner][vc_row_inner column_margin=&#8220;default&#8220; column_direction=&#8220;default&#8220; column_direction_tablet=&#8220;default&#8220; column_direction_phone=&#8220;default&#8220; text_align=&#8220;left&#8220; el_id=&#8220;anwendung&#8220;][vc_column_inner column_padding=&#8220;no-extra-padding&#8220; column_padding_tablet=&#8220;inherit&#8220; column_padding_phone=&#8220;inherit&#8220; column_padding_position=&#8220;all&#8220; background_color_opacity=&#8220;1&#8243; background_hover_color_opacity=&#8220;1&#8243; column_shadow=&#8220;none&#8220; column_border_radius=&#8220;none&#8220; column_link_target=&#8220;_self&#8220; gradient_direction=&#8220;left_to_right&#8220; overlay_strength=&#8220;0.3&#8243; width=&#8220;1\/2&#8243; tablet_width_inherit=&#8220;default&#8220; column_border_width=&#8220;none&#8220; column_border_style=&#8220;solid&#8220; bg_image_animation=&#8220;none&#8220;][divider line_type=&#8220;No Line&#8220; custom_height=&#8220;120&#8243;][vc_column_text]\n<h2 class=\"p1\">Anwendung<\/h2>\n[\/vc_column_text][vc_column_text]\n<h3><span style=\"color: #bed000;\">Sie k\u00f6nnen VitalNext durch Ihr gewohntes Essen mischen, sodass Sie Ihren normalen Speiseplan und Ihre Geschmacksvorlieben weitgehend beibehalten k\u00f6nnen. Je nach Wunsch k\u00f6nnen Sie 1 oder mehrere Essl\u00f6ffel von VitalNext unter Ihr Essen mischen. Als Faustregel gilt ungef\u00e4hr (mindestens) 1 Essl\u00f6ffel Pulver pro 75 g Speisen oder Getr\u00e4nke. Sie d\u00fcrfen aber auch mehr nehmen. Dabei ist es nicht so wichtig, wie viel VitalNext Sie pro Mahlzeit verwenden, solange Sie verteilt \u00fcber den Tag insgesamt die verordnete Menge zu sich nehmen.<\/span><\/h3>\n[\/vc_column_text][\/vc_column_inner][vc_column_inner column_padding=&#8220;no-extra-padding&#8220; column_padding_tablet=&#8220;inherit&#8220; column_padding_phone=&#8220;inherit&#8220; column_padding_position=&#8220;all&#8220; background_color_opacity=&#8220;1&#8243; background_hover_color_opacity=&#8220;1&#8243; column_shadow=&#8220;none&#8220; column_border_radius=&#8220;none&#8220; column_link_target=&#8220;_self&#8220; gradient_direction=&#8220;left_to_right&#8220; overlay_strength=&#8220;0.3&#8243; width=&#8220;1\/2&#8243; tablet_width_inherit=&#8220;default&#8220; column_border_width=&#8220;none&#8220; column_border_style=&#8220;solid&#8220; bg_image_animation=&#8220;none&#8220;][divider line_type=&#8220;No Line&#8220; custom_height=&#8220;180&#8243; custom_height_tablet=&#8220;20&#8243; custom_height_phone=&#8220;0&#8243;][image_with_animation image_url=&#8220;341&#8243; animation=&#8220;Fade In&#8220; hover_animation=&#8220;none&#8220; alignment=&#8220;center&#8220; border_radius=&#8220;none&#8220; box_shadow=&#8220;none&#8220; image_loading=&#8220;default&#8220; max_width=&#8220;100%&#8220; max_width_mobile=&#8220;default&#8220; margin_top=&#8220;0&#8243;][\/vc_column_inner][\/vc_row_inner][vc_row_inner column_margin=&#8220;default&#8220; column_direction=&#8220;default&#8220; column_direction_tablet=&#8220;default&#8220; column_direction_phone=&#8220;default&#8220; text_align=&#8220;left&#8220; el_id=&#8220;tipps&#8220;][vc_column_inner column_padding=&#8220;no-extra-padding&#8220; column_padding_tablet=&#8220;inherit&#8220; column_padding_phone=&#8220;inherit&#8220; column_padding_position=&#8220;all&#8220; background_color_opacity=&#8220;1&#8243; background_hover_color_opacity=&#8220;1&#8243; column_shadow=&#8220;none&#8220; column_border_radius=&#8220;none&#8220; column_link_target=&#8220;_self&#8220; gradient_direction=&#8220;left_to_right&#8220; overlay_strength=&#8220;0.3&#8243; width=&#8220;1\/2&#8243; tablet_width_inherit=&#8220;default&#8220; column_border_width=&#8220;none&#8220; column_border_style=&#8220;solid&#8220; bg_image_animation=&#8220;none&#8220;][divider line_type=&#8220;No Line&#8220; custom_height=&#8220;120&#8243;][vc_column_text]\n<h2 class=\"p1\"><span style=\"color: #003773;\">Tipps<\/span><\/h2>\n[\/vc_column_text][vc_column_text]\n<h3><span style=\"color: #bed000;\">Sie k\u00f6nnen VitalNext durch eine Vielzahl von Produkten mischen, wie S\u00e4fte, Milchprodukte, Suppen und warme Mahlzeiten. Bei der warmen Mahlzeit l\u00e4sst sich VitalNext perfekt beispielsweise einer Sauce, dem Kartoffelbrei oder dem Gem\u00fcse untermischen. So ist VitalNext \u00fcber die gesamte Mahlzeit verteilt und hat weniger Einfluss auf den urspr\u00fcnglichen Geschmack der Speisen. Versuchen Sie VitalNext auch in verschiedenen Getr\u00e4nken, z. B. als Creamer im Kaffee. Probieren Sie in aller Ruhe aus, in welchen Produkten und in welcher Menge VitalNext Ihnen am besten gef\u00e4llt<\/span><\/h3>\n<p>&nbsp;<\/p>\n<p><span style=\"color: #003773;\">Auf die folgenden Dinge sollten Sie aber achten:<\/span><\/p>\n<ul>\n<li><span style=\"color: #003773;\">Lassen Sie ein Gericht mit VitalNext nicht durchkochen. Dann bilden sich Kl\u00fcmpchen.<\/span><\/li>\n<li><span style=\"color: #003773;\">Wenn Sie VitalNext einer Suppe oder einer Sauce untermischen m\u00f6chten, sollten Sie es unter die noch kalte Suppe oder Sauce mischen und sie erst dann aufw\u00e4rmen. So vermeiden Sie, dass sich Kl\u00fcmpchen bilden.<\/span><\/li>\n<li><span style=\"color: #003773;\">Lassen Sie Getr\u00e4nke, denen Sie VitalNext beigemischt haben, nicht zu lange stehen, bevor Sie sie trinken. So vermeiden Sie, dass sich Kl\u00fcmpchen bilden.<\/span><\/li>\n<\/ul>\n[\/vc_column_text][divider line_type=&#8220;No Line&#8220; custom_height=&#8220;60&#8243; custom_height_phone=&#8220;0&#8243; custom_height_tablet=&#8220;0&#8243;][\/vc_column_inner][vc_column_inner column_padding=&#8220;no-extra-padding&#8220; column_padding_tablet=&#8220;inherit&#8220; column_padding_phone=&#8220;inherit&#8220; column_padding_position=&#8220;all&#8220; background_color_opacity=&#8220;1&#8243; background_hover_color_opacity=&#8220;1&#8243; column_shadow=&#8220;none&#8220; column_border_radius=&#8220;none&#8220; column_link_target=&#8220;_self&#8220; gradient_direction=&#8220;left_to_right&#8220; overlay_strength=&#8220;0.3&#8243; width=&#8220;1\/2&#8243; tablet_width_inherit=&#8220;default&#8220; column_border_width=&#8220;none&#8220; column_border_style=&#8220;solid&#8220; bg_image_animation=&#8220;none&#8220;][divider line_type=&#8220;No Line&#8220; custom_height=&#8220;160&#8243; custom_height_tablet=&#8220;0&#8243; custom_height_phone=&#8220;0&#8243;][image_with_animation image_url=&#8220;539&#8243; animation=&#8220;Fade In&#8220; hover_animation=&#8220;none&#8220; alignment=&#8220;center&#8220; border_radius=&#8220;none&#8220; box_shadow=&#8220;none&#8220; image_loading=&#8220;default&#8220; max_width=&#8220;100%&#8220; max_width_mobile=&#8220;default&#8220;][\/vc_column_inner][\/vc_row_inner][vc_row_inner column_margin=&#8220;default&#8220; column_direction=&#8220;default&#8220; column_direction_tablet=&#8220;default&#8220; column_direction_phone=&#8220;default&#8220; text_align=&#8220;left&#8220;][vc_column_inner column_padding=&#8220;no-extra-padding&#8220; column_padding_tablet=&#8220;inherit&#8220; column_padding_phone=&#8220;inherit&#8220; column_padding_position=&#8220;all&#8220; background_color_opacity=&#8220;1&#8243; background_hover_color_opacity=&#8220;1&#8243; column_shadow=&#8220;none&#8220; column_border_radius=&#8220;none&#8220; column_link_target=&#8220;_self&#8220; gradient_direction=&#8220;left_to_right&#8220; overlay_strength=&#8220;0.3&#8243; width=&#8220;1\/4&#8243; tablet_width_inherit=&#8220;default&#8220; column_border_width=&#8220;none&#8220; column_border_style=&#8220;solid&#8220; bg_image_animation=&#8220;none&#8220; offset=&#8220;vc_col-xs-6&#8243;][nectar_btn size=&#8220;jumbo&#8220; button_style=&#8220;regular-tilt&#8220; button_color=&#8220;Accent-Color&#8220; icon_family=&#8220;none&#8220; text=&#8220;S\u00dc\u00df&#8220; url=&#8220;https:\/\/vitalnext.com\/de\/suess\/&#8220;][\/vc_column_inner][vc_column_inner column_padding=&#8220;no-extra-padding&#8220; column_padding_tablet=&#8220;inherit&#8220; column_padding_phone=&#8220;inherit&#8220; column_padding_position=&#8220;all&#8220; background_color_opacity=&#8220;1&#8243; background_hover_color_opacity=&#8220;1&#8243; column_shadow=&#8220;none&#8220; column_border_radius=&#8220;none&#8220; column_link_target=&#8220;_self&#8220; gradient_direction=&#8220;left_to_right&#8220; overlay_strength=&#8220;0.3&#8243; width=&#8220;1\/4&#8243; tablet_width_inherit=&#8220;default&#8220; column_border_width=&#8220;none&#8220; column_border_style=&#8220;solid&#8220; bg_image_animation=&#8220;none&#8220; offset=&#8220;vc_col-xs-6&#8243;][nectar_btn size=&#8220;jumbo&#8220; button_style=&#8220;regular-tilt&#8220; button_color=&#8220;Accent-Color&#8220; icon_family=&#8220;none&#8220; text=&#8220;HERZHAFT&#8220; url=&#8220;https:\/\/vitalnext.com\/de\/herzhaft\/&#8220;][\/vc_column_inner][vc_column_inner column_padding=&#8220;no-extra-padding&#8220; column_padding_tablet=&#8220;inherit&#8220; column_padding_phone=&#8220;inherit&#8220; column_padding_position=&#8220;all&#8220; background_color_opacity=&#8220;1&#8243; background_hover_color_opacity=&#8220;1&#8243; column_shadow=&#8220;none&#8220; column_border_radius=&#8220;none&#8220; column_link_target=&#8220;_self&#8220; gradient_direction=&#8220;left_to_right&#8220; overlay_strength=&#8220;0.3&#8243; width=&#8220;2\/4&#8243; tablet_width_inherit=&#8220;default&#8220; column_border_width=&#8220;none&#8220; column_border_style=&#8220;solid&#8220; bg_image_animation=&#8220;none&#8220;][\/vc_column_inner][\/vc_row_inner][vc_row_inner column_margin=&#8220;default&#8220; column_direction=&#8220;default&#8220; column_direction_tablet=&#8220;default&#8220; column_direction_phone=&#8220;default&#8220; text_align=&#8220;left&#8220; el_id=&#8220;h\u00e4ufig gestellte fragen&#8220;][vc_column_inner column_padding=&#8220;no-extra-padding&#8220; column_padding_tablet=&#8220;inherit&#8220; column_padding_phone=&#8220;inherit&#8220; column_padding_position=&#8220;all&#8220; background_color_opacity=&#8220;1&#8243; background_hover_color_opacity=&#8220;1&#8243; column_shadow=&#8220;none&#8220; column_border_radius=&#8220;none&#8220; column_link_target=&#8220;_self&#8220; gradient_direction=&#8220;left_to_right&#8220; overlay_strength=&#8220;0.3&#8243; width=&#8220;1\/1&#8243; tablet_width_inherit=&#8220;default&#8220; column_border_width=&#8220;none&#8220; column_border_style=&#8220;solid&#8220; bg_image_animation=&#8220;none&#8220;][divider line_type=&#8220;No Line&#8220; custom_height=&#8220;200&#8243;][vc_column_text]\n<h2>H\u00e4ufig gestellte Fragen<\/h2>\n[\/vc_column_text][divider line_type=&#8220;No Line&#8220; custom_height=&#8220;500&#8243;][\/vc_column_inner][\/vc_row_inner][\/vc_column][\/vc_row]\n","protected":false},"excerpt":{"rendered":"<p>[vc_row type=&#8220;full_width_background&#8220; full_screen_row_position=&#8220;middle&#8220; column_margin=&#8220;default&#8220; column_direction=&#8220;default&#8220; column_direction_tablet=&#8220;default&#8220; column_direction_phone=&#8220;default&#8220; bg_image=&#8220;567&#8243; bg_position=&#8220;center top&#8220; bg_repeat=&#8220;no-repeat&#8220; scene_position=&#8220;center&#8220; text_color=&#8220;dark&#8220; text_align=&#8220;left&#8220; row_border_radius=&#8220;none&#8220; row_border_radius_applies=&#8220;bg&#8220; overlay_strength=&#8220;0.3&#8243; gradient_direction=&#8220;left_to_right&#8220; shape_divider_position=&#8220;bottom&#8220; bg_image_animation=&#8220;none&#8220; shape_type=&#8220;&#8220;][vc_column column_padding=&#8220;no-extra-padding&#8220; column_padding_tablet=&#8220;inherit&#8220; column_padding_phone=&#8220;inherit&#8220; column_padding_position=&#8220;all&#8220; background_color_opacity=&#8220;1&#8243; background_hover_color_opacity=&#8220;1&#8243; column_shadow=&#8220;none&#8220; column_border_radius=&#8220;none&#8220; column_link_target=&#8220;_self&#8220;&#8230;<\/p>\n","protected":false},"author":1,"featured_media":0,"parent":0,"menu_order":0,"comment_status":"closed","ping_status":"closed","template":"","meta":{"footnotes":""},"class_list":["post-948","page","type-page","status-publish"],"yoast_head":"<!-- This site is optimized with the Yoast SEO plugin v26.9 - https:\/\/yoast.com\/product\/yoast-seo-wordpress\/ -->\n<title>PATIENTEN - VitalNext<\/title>\n<meta name=\"robots\" content=\"index, follow, max-snippet:-1, max-image-preview:large, max-video-preview:-1\" \/>\n<link rel=\"canonical\" href=\"https:\/\/vitalnext.com\/de\/patienten\/\" \/>\n<meta property=\"og:locale\" content=\"de_DE\" \/>\n<meta property=\"og:type\" content=\"article\" \/>\n<meta property=\"og:title\" content=\"PATIENTEN - VitalNext\" \/>\n<meta property=\"og:description\" content=\"[vc_row type=&#8220;full_width_background&#8220; full_screen_row_position=&#8220;middle&#8220; column_margin=&#8220;default&#8220; column_direction=&#8220;default&#8220; column_direction_tablet=&#8220;default&#8220; column_direction_phone=&#8220;default&#8220; bg_image=&#8220;567&#8243; bg_position=&#8220;center top&#8220; bg_repeat=&#8220;no-repeat&#8220; scene_position=&#8220;center&#8220; text_color=&#8220;dark&#8220; text_align=&#8220;left&#8220; row_border_radius=&#8220;none&#8220; row_border_radius_applies=&#8220;bg&#8220; overlay_strength=&#8220;0.3&#8243; gradient_direction=&#8220;left_to_right&#8220; shape_divider_position=&#8220;bottom&#8220; bg_image_animation=&#8220;none&#8220; shape_type=&#8220;&#8220;][vc_column column_padding=&#8220;no-extra-padding&#8220; column_padding_tablet=&#8220;inherit&#8220; column_padding_phone=&#8220;inherit&#8220; column_padding_position=&#8220;all&#8220; background_color_opacity=&#8220;1&#8243; background_hover_color_opacity=&#8220;1&#8243; column_shadow=&#8220;none&#8220; column_border_radius=&#8220;none&#8220; column_link_target=&#8220;_self&#8220;...\" \/>\n<meta property=\"og:url\" content=\"https:\/\/vitalnext.com\/de\/patienten\/\" \/>\n<meta property=\"og:site_name\" content=\"VitalNext\" \/>\n<meta property=\"article:modified_time\" content=\"2021-05-04T11:40:02+00:00\" \/>\n<meta name=\"twitter:card\" content=\"summary_large_image\" \/>\n<meta name=\"twitter:label1\" content=\"Gesch\u00e4tzte Lesezeit\" \/>\n\t<meta name=\"twitter:data1\" content=\"4\u00a0Minuten\" \/>\n<script type=\"application\/ld+json\" class=\"yoast-schema-graph\">{\"@context\":\"https:\/\/schema.org\",\"@graph\":[{\"@type\":\"WebPage\",\"@id\":\"https:\/\/vitalnext.com\/de\/patienten\/\",\"url\":\"https:\/\/vitalnext.com\/de\/patienten\/\",\"name\":\"PATIENTEN - VitalNext\",\"isPartOf\":{\"@id\":\"https:\/\/vitalnext.com\/de\/#website\"},\"datePublished\":\"2021-05-03T19:00:31+00:00\",\"dateModified\":\"2021-05-04T11:40:02+00:00\",\"breadcrumb\":{\"@id\":\"https:\/\/vitalnext.com\/de\/patienten\/#breadcrumb\"},\"inLanguage\":\"de\",\"potentialAction\":[{\"@type\":\"ReadAction\",\"target\":[\"https:\/\/vitalnext.com\/de\/patienten\/\"]}]},{\"@type\":\"BreadcrumbList\",\"@id\":\"https:\/\/vitalnext.com\/de\/patienten\/#breadcrumb\",\"itemListElement\":[{\"@type\":\"ListItem\",\"position\":1,\"name\":\"Home\",\"item\":\"https:\/\/vitalnext.com\/de\/\"},{\"@type\":\"ListItem\",\"position\":2,\"name\":\"PATIENTEN\"}]},{\"@type\":\"WebSite\",\"@id\":\"https:\/\/vitalnext.com\/de\/#website\",\"url\":\"https:\/\/vitalnext.com\/de\/\",\"name\":\"Vitalnext\",\"description\":\"Life science products\",\"potentialAction\":[{\"@type\":\"SearchAction\",\"target\":{\"@type\":\"EntryPoint\",\"urlTemplate\":\"https:\/\/vitalnext.com\/de\/?s={search_term_string}\"},\"query-input\":{\"@type\":\"PropertyValueSpecification\",\"valueRequired\":true,\"valueName\":\"search_term_string\"}}],\"inLanguage\":\"de\"}]}<\/script>\n<!-- \/ Yoast SEO plugin. -->","yoast_head_json":{"title":"PATIENTEN - VitalNext","robots":{"index":"index","follow":"follow","max-snippet":"max-snippet:-1","max-image-preview":"max-image-preview:large","max-video-preview":"max-video-preview:-1"},"canonical":"https:\/\/vitalnext.com\/de\/patienten\/","og_locale":"de_DE","og_type":"article","og_title":"PATIENTEN - VitalNext","og_description":"[vc_row type=&#8220;full_width_background&#8220; full_screen_row_position=&#8220;middle&#8220; column_margin=&#8220;default&#8220; column_direction=&#8220;default&#8220; column_direction_tablet=&#8220;default&#8220; column_direction_phone=&#8220;default&#8220; bg_image=&#8220;567&#8243; bg_position=&#8220;center top&#8220; bg_repeat=&#8220;no-repeat&#8220; scene_position=&#8220;center&#8220; text_color=&#8220;dark&#8220; text_align=&#8220;left&#8220; row_border_radius=&#8220;none&#8220; row_border_radius_applies=&#8220;bg&#8220; overlay_strength=&#8220;0.3&#8243; gradient_direction=&#8220;left_to_right&#8220; shape_divider_position=&#8220;bottom&#8220; bg_image_animation=&#8220;none&#8220; shape_type=&#8220;&#8220;][vc_column column_padding=&#8220;no-extra-padding&#8220; column_padding_tablet=&#8220;inherit&#8220; column_padding_phone=&#8220;inherit&#8220; column_padding_position=&#8220;all&#8220; background_color_opacity=&#8220;1&#8243; background_hover_color_opacity=&#8220;1&#8243; column_shadow=&#8220;none&#8220; column_border_radius=&#8220;none&#8220; column_link_target=&#8220;_self&#8220;...","og_url":"https:\/\/vitalnext.com\/de\/patienten\/","og_site_name":"VitalNext","article_modified_time":"2021-05-04T11:40:02+00:00","twitter_card":"summary_large_image","twitter_misc":{"Gesch\u00e4tzte Lesezeit":"4\u00a0Minuten"},"schema":{"@context":"https:\/\/schema.org","@graph":[{"@type":"WebPage","@id":"https:\/\/vitalnext.com\/de\/patienten\/","url":"https:\/\/vitalnext.com\/de\/patienten\/","name":"PATIENTEN - VitalNext","isPartOf":{"@id":"https:\/\/vitalnext.com\/de\/#website"},"datePublished":"2021-05-03T19:00:31+00:00","dateModified":"2021-05-04T11:40:02+00:00","breadcrumb":{"@id":"https:\/\/vitalnext.com\/de\/patienten\/#breadcrumb"},"inLanguage":"de","potentialAction":[{"@type":"ReadAction","target":["https:\/\/vitalnext.com\/de\/patienten\/"]}]},{"@type":"BreadcrumbList","@id":"https:\/\/vitalnext.com\/de\/patienten\/#breadcrumb","itemListElement":[{"@type":"ListItem","position":1,"name":"Home","item":"https:\/\/vitalnext.com\/de\/"},{"@type":"ListItem","position":2,"name":"PATIENTEN"}]},{"@type":"WebSite","@id":"https:\/\/vitalnext.com\/de\/#website","url":"https:\/\/vitalnext.com\/de\/","name":"Vitalnext","description":"Life science products","potentialAction":[{"@type":"SearchAction","target":{"@type":"EntryPoint","urlTemplate":"https:\/\/vitalnext.com\/de\/?s={search_term_string}"},"query-input":{"@type":"PropertyValueSpecification","valueRequired":true,"valueName":"search_term_string"}}],"inLanguage":"de"}]}},"_links":{"self":[{"href":"https:\/\/vitalnext.com\/de\/wp-json\/wp\/v2\/pages\/948","targetHints":{"allow":["GET"]}}],"collection":[{"href":"https:\/\/vitalnext.com\/de\/wp-json\/wp\/v2\/pages"}],"about":[{"href":"https:\/\/vitalnext.com\/de\/wp-json\/wp\/v2\/types\/page"}],"author":[{"embeddable":true,"href":"https:\/\/vitalnext.com\/de\/wp-json\/wp\/v2\/users\/1"}],"replies":[{"embeddable":true,"href":"https:\/\/vitalnext.com\/de\/wp-json\/wp\/v2\/comments?post=948"}],"version-history":[{"count":14,"href":"https:\/\/vitalnext.com\/de\/wp-json\/wp\/v2\/pages\/948\/revisions"}],"predecessor-version":[{"id":1066,"href":"https:\/\/vitalnext.com\/de\/wp-json\/wp\/v2\/pages\/948\/revisions\/1066"}],"wp:attachment":[{"href":"https:\/\/vitalnext.com\/de\/wp-json\/wp\/v2\/media?parent=948"}],"curies":[{"name":"wp","href":"https:\/\/api.w.org\/{rel}","templated":true}]}}