{"id":1037,"date":"2021-05-04T11:05:20","date_gmt":"2021-05-04T11:05:20","guid":{"rendered":"https:\/\/vitalnext.com\/?page_id=1037"},"modified":"2021-08-03T16:56:23","modified_gmt":"2021-08-03T16:56:23","slug":"home","status":"publish","type":"page","link":"https:\/\/vitalnext.com\/de\/","title":{"rendered":"HOME"},"content":{"rendered":"[vc_row type=&#8220;full_width_background&#8220; full_screen_row_position=&#8220;middle&#8220; column_margin=&#8220;default&#8220; column_direction=&#8220;default&#8220; column_direction_tablet=&#8220;default&#8220; column_direction_phone=&#8220;default&#8220; bg_image=&#8220;12&#8243; bg_position=&#8220;left top&#8220; bg_repeat=&#8220;no-repeat&#8220; full_height=&#8220;yes&#8220; scene_position=&#8220;center&#8220; top_padding=&#8220;60&#8243; text_color=&#8220;dark&#8220; text_align=&#8220;left&#8220; row_border_radius=&#8220;none&#8220; row_border_radius_applies=&#8220;bg&#8220; overlay_strength=&#8220;0.3&#8243; gradient_direction=&#8220;left_to_right&#8220; shape_divider_position=&#8220;bottom&#8220; bg_image_animation=&#8220;none&#8220; shape_type=&#8220;&#8220;][vc_column column_padding=&#8220;no-extra-padding&#8220; column_padding_tablet=&#8220;inherit&#8220; column_padding_phone=&#8220;inherit&#8220; column_padding_position=&#8220;all&#8220; background_color_opacity=&#8220;1&#8243; background_hover_color_opacity=&#8220;1&#8243; column_shadow=&#8220;none&#8220; column_border_radius=&#8220;none&#8220; column_link_target=&#8220;_self&#8220; gradient_direction=&#8220;left_to_right&#8220; overlay_strength=&#8220;0.3&#8243; width=&#8220;1\/1&#8243; tablet_width_inherit=&#8220;default&#8220; tablet_text_alignment=&#8220;default&#8220; phone_text_alignment=&#8220;default&#8220; column_border_width=&#8220;none&#8220; column_border_style=&#8220;solid&#8220; bg_image_animation=&#8220;none&#8220;][vc_row_inner column_margin=&#8220;default&#8220; column_direction=&#8220;default&#8220; column_direction_tablet=&#8220;default&#8220; column_direction_phone=&#8220;default&#8220; text_align=&#8220;left&#8220;][vc_column_inner column_padding=&#8220;no-extra-padding&#8220; column_padding_tablet=&#8220;inherit&#8220; column_padding_phone=&#8220;inherit&#8220; column_padding_position=&#8220;all&#8220; top_margin=&#8220;-40&#8243; background_color_opacity=&#8220;1&#8243; background_hover_color_opacity=&#8220;1&#8243; column_shadow=&#8220;none&#8220; column_border_radius=&#8220;none&#8220; column_link_target=&#8220;_self&#8220; gradient_direction=&#8220;left_to_right&#8220; overlay_strength=&#8220;0.3&#8243; width=&#8220;1\/4&#8243; tablet_width_inherit=&#8220;default&#8220; column_border_width=&#8220;none&#8220; column_border_style=&#8220;solid&#8220; bg_image_animation=&#8220;none&#8220; offset=&#8220;vc_hidden-sm vc_hidden-xs&#8220;][divider line_type=&#8220;No Line&#8220; custom_height=&#8220;165&#8243; custom_height_tablet=&#8220;75&#8243; custom_height_phone=&#8220;0&#8243;][vc_column_text css=&#8220;.vc_custom_1628009773699{padding-right: 10px !important;}&#8220;]<strong>VitalNext ist ein neues Lebensmittel f\u00fcr besondere medizinische Zwecke (bilanzierte Di\u00e4t) zum Di\u00e4tmanagement bei vorhandener oder drohender Mangelern\u00e4hrung<\/strong><\/p>\n<ul>\n<li>VitalNext wurde auf der Grundlage umfassender wissenschaftlicher Studien entwickelt<\/li>\n<li>Bei VitalNext handelt es sich um ein pulverf\u00f6rmiges Produkt, das sich in allen Speisen und Getr\u00e4nken leicht aufl\u00f6sen l\u00e4sst.<\/li>\n<li>Der Patient kann seine gewohnte Ern\u00e4hrungsweise und seine Geschmacksvorlieben beibehalten.<\/li>\n<li>VitalNext kann von einem Arzt verordnet werden, wenn die medizinischen Voraussetzungen gegeben sind.<\/li>\n<\/ul>\n[\/vc_column_text][\/vc_column_inner][vc_column_inner column_padding=&#8220;no-extra-padding&#8220; column_padding_tablet=&#8220;inherit&#8220; column_padding_phone=&#8220;inherit&#8220; column_padding_position=&#8220;all&#8220; background_color_opacity=&#8220;1&#8243; background_hover_color_opacity=&#8220;1&#8243; column_shadow=&#8220;none&#8220; column_border_radius=&#8220;none&#8220; column_link_target=&#8220;_self&#8220; gradient_direction=&#8220;left_to_right&#8220; overlay_strength=&#8220;0.3&#8243; width=&#8220;2\/4&#8243; tablet_width_inherit=&#8220;default&#8220; column_border_width=&#8220;none&#8220; column_border_style=&#8220;solid&#8220; bg_image_animation=&#8220;none&#8220;][image_with_animation image_url=&#8220;845&#8243; animation=&#8220;Fade In&#8220; hover_animation=&#8220;none&#8220; alignment=&#8220;center&#8220; border_radius=&#8220;none&#8220; box_shadow=&#8220;none&#8220; image_loading=&#8220;default&#8220; max_width=&#8220;100%&#8220; max_width_mobile=&#8220;default&#8220; margin_left=&#8220;25&#8243; margin_right=&#8220;25&#8243;][image_with_animation image_url=&#8220;40&#8243; animation=&#8220;Fade In&#8220; hover_animation=&#8220;none&#8220; alignment=&#8220;&#8220; border_radius=&#8220;none&#8220; box_shadow=&#8220;none&#8220; image_loading=&#8220;default&#8220; max_width=&#8220;100%&#8220; max_width_mobile=&#8220;default&#8220;][\/vc_column_inner][vc_column_inner column_padding=&#8220;no-extra-padding&#8220; column_padding_tablet=&#8220;inherit&#8220; column_padding_phone=&#8220;inherit&#8220; column_padding_position=&#8220;all&#8220; background_color_opacity=&#8220;1&#8243; background_hover_color_opacity=&#8220;1&#8243; column_shadow=&#8220;none&#8220; column_border_radius=&#8220;none&#8220; column_link_target=&#8220;_self&#8220; gradient_direction=&#8220;left_to_right&#8220; overlay_strength=&#8220;0.3&#8243; width=&#8220;1\/4&#8243; tablet_width_inherit=&#8220;default&#8220; column_border_width=&#8220;none&#8220; column_border_style=&#8220;solid&#8220; bg_image_animation=&#8220;none&#8220; offset=&#8220;vc_hidden-sm vc_hidden-xs&#8220;][divider line_type=&#8220;No Line&#8220; custom_height=&#8220;140&#8243;][image_with_animation image_url=&#8220;275&#8243; animation=&#8220;None&#8220; hover_animation=&#8220;zoom&#8220; constrain_group_1=&#8220;yes&#8220; constrain_group_2=&#8220;yes&#8220; alignment=&#8220;center&#8220; border_radius=&#8220;none&#8220; box_shadow=&#8220;none&#8220; image_loading=&#8220;default&#8220; max_width=&#8220;100%&#8220; max_width_mobile=&#8220;default&#8220; margin_top=&#8220;10&#8243; margin_bottom=&#8220;10&#8243; margin_left=&#8220;10&#8243; margin_right=&#8220;10&#8243; margin_top_tablet=&#8220;25&#8243; margin_bottom_tablet=&#8220;25&#8243; margin_left_tablet=&#8220;25&#8243; margin_right_tablet=&#8220;25&#8243; margin_top_phone=&#8220;20&#8243; margin_bottom_phone=&#8220;20&#8243; margin_left_phone=&#8220;20&#8243; margin_right_phone=&#8220;20&#8243; delay=&#8220;none&#8220; img_link=&#8220;https:\/\/vitalnext.com\/de\/patienten\/#tipps&#8220;][\/vc_column_inner][\/vc_row_inner][vc_row_inner column_margin=&#8220;default&#8220; column_direction=&#8220;default&#8220; column_direction_tablet=&#8220;default&#8220; column_direction_phone=&#8220;default&#8220; translate_y=&#8220;-50&#8243; text_align=&#8220;left&#8220;][vc_column_inner column_padding=&#8220;no-extra-padding&#8220; column_padding_tablet=&#8220;inherit&#8220; column_padding_phone=&#8220;inherit&#8220; column_padding_position=&#8220;all&#8220; background_color_opacity=&#8220;1&#8243; background_hover_color_opacity=&#8220;1&#8243; column_shadow=&#8220;none&#8220; column_border_radius=&#8220;none&#8220; column_link_target=&#8220;_self&#8220; gradient_direction=&#8220;left_to_right&#8220; overlay_strength=&#8220;0.3&#8243; width=&#8220;1\/1&#8243; tablet_width_inherit=&#8220;default&#8220; column_border_width=&#8220;none&#8220; column_border_style=&#8220;solid&#8220; bg_image_animation=&#8220;none&#8220; offset=&#8220;vc_hidden-lg vc_hidden-md&#8220;][image_with_animation image_url=&#8220;306&#8243; animation=&#8220;Fade In&#8220; hover_animation=&#8220;zoom&#8220; constrain_group_1=&#8220;yes&#8220; constrain_group_2=&#8220;yes&#8220; alignment=&#8220;center&#8220; border_radius=&#8220;none&#8220; box_shadow=&#8220;none&#8220; image_loading=&#8220;default&#8220; max_width=&#8220;100%&#8220; max_width_mobile=&#8220;default&#8220; margin_top=&#8220;30&#8243; margin_bottom=&#8220;30&#8243; margin_left=&#8220;30&#8243; margin_right=&#8220;30&#8243; margin_top_tablet=&#8220;25&#8243; margin_bottom_tablet=&#8220;25&#8243; margin_left_tablet=&#8220;25&#8243; margin_right_tablet=&#8220;25&#8243; margin_top_phone=&#8220;40&#8243; margin_bottom_phone=&#8220;40&#8243; margin_left_phone=&#8220;40&#8243; margin_right_phone=&#8220;40&#8243; img_link=&#8220;https:\/\/vitalnext.com\/de\/patienten\/#tipps&#8220;][vc_column_text]<span style=\"color: #003773;\"><strong>VitalNext ist ein neues Lebensmittel f\u00fcr medizinische Zwecke:<\/strong><\/span><\/p>\n<ul>\n<li><span style=\"color: #003773;\">VitalNext wurde auf der Grundlage umfassender wissenschaftlicher Studien entwickelt<\/span><\/li>\n<li><span style=\"color: #003773;\">und wird in Form eines Pulvers geliefert, das sich in allerlei Speisen und Getr\u00e4nken leicht aufl\u00f6sen l\u00e4sst.<\/span><\/li>\n<li><span style=\"color: #003773;\">Der Patient kann so bei seinen eigenen Geschmacksvorlieben bleiben.<\/span><\/li>\n<li><span style=\"color: #003773;\">VitalNext ist auf Rezept eines Ern\u00e4hrungsberaters oder Arztes erh\u00e4ltlich.<\/span><\/li>\n<\/ul>\n<h2 class=\"p1\"><\/h2>\n[\/vc_column_text][image_with_animation animation=&#8220;Fade In&#8220; hover_animation=&#8220;none&#8220; alignment=&#8220;center&#8220; border_radius=&#8220;none&#8220; box_shadow=&#8220;none&#8220; image_loading=&#8220;default&#8220; max_width=&#8220;75%&#8220; max_width_mobile=&#8220;default&#8220; margin_top=&#8220;0&#8243; margin_bottom=&#8220;0&#8243; margin_left=&#8220;30&#8243; margin_right=&#8220;30&#8243;][\/vc_column_inner][\/vc_row_inner][\/vc_column][\/vc_row]\n","protected":false},"excerpt":{"rendered":"<p>[vc_row type=&#8220;full_width_background&#8220; full_screen_row_position=&#8220;middle&#8220; column_margin=&#8220;default&#8220; column_direction=&#8220;default&#8220; column_direction_tablet=&#8220;default&#8220; column_direction_phone=&#8220;default&#8220; bg_image=&#8220;12&#8243; bg_position=&#8220;left top&#8220; bg_repeat=&#8220;no-repeat&#8220; full_height=&#8220;yes&#8220; scene_position=&#8220;center&#8220; top_padding=&#8220;60&#8243; text_color=&#8220;dark&#8220; text_align=&#8220;left&#8220; row_border_radius=&#8220;none&#8220; row_border_radius_applies=&#8220;bg&#8220; overlay_strength=&#8220;0.3&#8243; gradient_direction=&#8220;left_to_right&#8220; shape_divider_position=&#8220;bottom&#8220; bg_image_animation=&#8220;none&#8220; shape_type=&#8220;&#8220;][vc_column column_padding=&#8220;no-extra-padding&#8220; column_padding_tablet=&#8220;inherit&#8220; column_padding_phone=&#8220;inherit&#8220; column_padding_position=&#8220;all&#8220; background_color_opacity=&#8220;1&#8243; background_hover_color_opacity=&#8220;1&#8243; column_shadow=&#8220;none&#8220;&#8230;<\/p>\n","protected":false},"author":1,"featured_media":0,"parent":0,"menu_order":0,"comment_status":"closed","ping_status":"closed","template":"","meta":{"footnotes":""},"class_list":["post-1037","page","type-page","status-publish"],"yoast_head":"<!-- This site is optimized with the Yoast SEO plugin v26.9 - https:\/\/yoast.com\/product\/yoast-seo-wordpress\/ -->\n<title>HOME - VitalNext<\/title>\n<meta name=\"description\" content=\"Lebensmittel f\u00fcr besondere medizinische Zwecke\" \/>\n<meta name=\"robots\" content=\"index, follow, max-snippet:-1, max-image-preview:large, max-video-preview:-1\" \/>\n<link rel=\"canonical\" href=\"https:\/\/vitalnext.com\/de\/\" \/>\n<meta property=\"og:locale\" content=\"de_DE\" \/>\n<meta property=\"og:type\" content=\"article\" \/>\n<meta property=\"og:title\" content=\"HOME - VitalNext\" \/>\n<meta property=\"og:description\" content=\"Lebensmittel f\u00fcr besondere medizinische Zwecke\" \/>\n<meta property=\"og:url\" content=\"https:\/\/vitalnext.com\/de\/\" \/>\n<meta property=\"og:site_name\" content=\"VitalNext\" \/>\n<meta property=\"article:modified_time\" content=\"2021-08-03T16:56:23+00:00\" \/>\n<meta name=\"twitter:card\" content=\"summary_large_image\" \/>\n<meta name=\"twitter:label1\" content=\"Gesch\u00e4tzte Lesezeit\" \/>\n\t<meta name=\"twitter:data1\" content=\"2\u00a0Minuten\" \/>\n<script type=\"application\/ld+json\" class=\"yoast-schema-graph\">{\"@context\":\"https:\/\/schema.org\",\"@graph\":[{\"@type\":\"WebPage\",\"@id\":\"https:\/\/vitalnext.com\/de\/\",\"url\":\"https:\/\/vitalnext.com\/de\/\",\"name\":\"HOME - VitalNext\",\"isPartOf\":{\"@id\":\"https:\/\/vitalnext.com\/de\/#website\"},\"datePublished\":\"2021-05-04T11:05:20+00:00\",\"dateModified\":\"2021-08-03T16:56:23+00:00\",\"description\":\"Lebensmittel f\u00fcr besondere medizinische Zwecke\",\"breadcrumb\":{\"@id\":\"https:\/\/vitalnext.com\/de\/#breadcrumb\"},\"inLanguage\":\"de\",\"potentialAction\":[{\"@type\":\"ReadAction\",\"target\":[\"https:\/\/vitalnext.com\/de\/\"]}]},{\"@type\":\"BreadcrumbList\",\"@id\":\"https:\/\/vitalnext.com\/de\/#breadcrumb\",\"itemListElement\":[{\"@type\":\"ListItem\",\"position\":1,\"name\":\"Home\",\"item\":\"https:\/\/vitalnext.com\/de\/\"},{\"@type\":\"ListItem\",\"position\":2,\"name\":\"HOME\"}]},{\"@type\":\"WebSite\",\"@id\":\"https:\/\/vitalnext.com\/de\/#website\",\"url\":\"https:\/\/vitalnext.com\/de\/\",\"name\":\"Vitalnext\",\"description\":\"Life science products\",\"potentialAction\":[{\"@type\":\"SearchAction\",\"target\":{\"@type\":\"EntryPoint\",\"urlTemplate\":\"https:\/\/vitalnext.com\/de\/?s={search_term_string}\"},\"query-input\":{\"@type\":\"PropertyValueSpecification\",\"valueRequired\":true,\"valueName\":\"search_term_string\"}}],\"inLanguage\":\"de\"}]}<\/script>\n<!-- \/ Yoast SEO plugin. -->","yoast_head_json":{"title":"HOME - VitalNext","description":"Lebensmittel f\u00fcr besondere medizinische Zwecke","robots":{"index":"index","follow":"follow","max-snippet":"max-snippet:-1","max-image-preview":"max-image-preview:large","max-video-preview":"max-video-preview:-1"},"canonical":"https:\/\/vitalnext.com\/de\/","og_locale":"de_DE","og_type":"article","og_title":"HOME - VitalNext","og_description":"Lebensmittel f\u00fcr besondere medizinische Zwecke","og_url":"https:\/\/vitalnext.com\/de\/","og_site_name":"VitalNext","article_modified_time":"2021-08-03T16:56:23+00:00","twitter_card":"summary_large_image","twitter_misc":{"Gesch\u00e4tzte Lesezeit":"2\u00a0Minuten"},"schema":{"@context":"https:\/\/schema.org","@graph":[{"@type":"WebPage","@id":"https:\/\/vitalnext.com\/de\/","url":"https:\/\/vitalnext.com\/de\/","name":"HOME - VitalNext","isPartOf":{"@id":"https:\/\/vitalnext.com\/de\/#website"},"datePublished":"2021-05-04T11:05:20+00:00","dateModified":"2021-08-03T16:56:23+00:00","description":"Lebensmittel f\u00fcr besondere medizinische Zwecke","breadcrumb":{"@id":"https:\/\/vitalnext.com\/de\/#breadcrumb"},"inLanguage":"de","potentialAction":[{"@type":"ReadAction","target":["https:\/\/vitalnext.com\/de\/"]}]},{"@type":"BreadcrumbList","@id":"https:\/\/vitalnext.com\/de\/#breadcrumb","itemListElement":[{"@type":"ListItem","position":1,"name":"Home","item":"https:\/\/vitalnext.com\/de\/"},{"@type":"ListItem","position":2,"name":"HOME"}]},{"@type":"WebSite","@id":"https:\/\/vitalnext.com\/de\/#website","url":"https:\/\/vitalnext.com\/de\/","name":"Vitalnext","description":"Life science products","potentialAction":[{"@type":"SearchAction","target":{"@type":"EntryPoint","urlTemplate":"https:\/\/vitalnext.com\/de\/?s={search_term_string}"},"query-input":{"@type":"PropertyValueSpecification","valueRequired":true,"valueName":"search_term_string"}}],"inLanguage":"de"}]}},"_links":{"self":[{"href":"https:\/\/vitalnext.com\/de\/wp-json\/wp\/v2\/pages\/1037","targetHints":{"allow":["GET"]}}],"collection":[{"href":"https:\/\/vitalnext.com\/de\/wp-json\/wp\/v2\/pages"}],"about":[{"href":"https:\/\/vitalnext.com\/de\/wp-json\/wp\/v2\/types\/page"}],"author":[{"embeddable":true,"href":"https:\/\/vitalnext.com\/de\/wp-json\/wp\/v2\/users\/1"}],"replies":[{"embeddable":true,"href":"https:\/\/vitalnext.com\/de\/wp-json\/wp\/v2\/comments?post=1037"}],"version-history":[{"count":6,"href":"https:\/\/vitalnext.com\/de\/wp-json\/wp\/v2\/pages\/1037\/revisions"}],"predecessor-version":[{"id":1110,"href":"https:\/\/vitalnext.com\/de\/wp-json\/wp\/v2\/pages\/1037\/revisions\/1110"}],"wp:attachment":[{"href":"https:\/\/vitalnext.com\/de\/wp-json\/wp\/v2\/media?parent=1037"}],"curies":[{"name":"wp","href":"https:\/\/api.w.org\/{rel}","templated":true}]}}